{"id":16983,"date":"2018-11-22T14:15:15","date_gmt":"2018-11-22T13:15:15","guid":{"rendered":"https:\/\/www.alpha-b.fr\/que-es-alpha-b\/"},"modified":"2025-02-10T14:51:00","modified_gmt":"2025-02-10T13:51:00","slug":"que-es-alpha-b","status":"publish","type":"page","link":"https:\/\/www.alpha-b.fr\/es\/que-es-alpha-b\/","title":{"rendered":"\u00bfQu\u00e9 es alpha.b ?"},"content":{"rendered":"<div id='full_slider_1'  class='avia-fullwidth-slider main_color avia-shadow   avia-builder-el-0  el_before_av_layout_row  avia-builder-el-first   container_wrap sidebar_right'  ><div  class='avia-slideshow av-rx0f90-c5aff42fe30a532086445d1a6d39db44 avia-slideshow-featured_large av_slideshow_full avia-slide-slider av-slideshow-ui av-control-default av-slideshow-manual av-loop-once av-loop-manual-endless av-default-height-applied   avia-slideshow-1' data-slideshow-options=\"{&quot;animation&quot;:&quot;slide&quot;,&quot;autoplay&quot;:false,&quot;loop_autoplay&quot;:&quot;once&quot;,&quot;interval&quot;:5,&quot;loop_manual&quot;:&quot;manual-endless&quot;,&quot;autoplay_stopper&quot;:false,&quot;noNavigation&quot;:false,&quot;bg_slider&quot;:false,&quot;keep_padding&quot;:false,&quot;hoverpause&quot;:false,&quot;show_slide_delay&quot;:0}\"  itemprop=\"image\" itemscope=\"itemscope\" itemtype=\"https:\/\/schema.org\/ImageObject\" ><ul class='avia-slideshow-inner ' style='padding-bottom: 42%;'><li  class='avia-slideshow-slide av-rx0f90-c5aff42fe30a532086445d1a6d39db44__0  av-single-slide slide-1 slide-odd'><div data-rel='slideshow-1' class='avia-slide-wrap '   ><div class='av-slideshow-caption av-rx0f90-c5aff42fe30a532086445d1a6d39db44__0 caption_fullwidth caption_left caption_left_framed caption_framed'><div class=\"container caption_container\"><div class=\"slideshow_caption\"><div class=\"slideshow_inner_caption\"><div class=\"slideshow_align_caption\"><h2 class='avia-caption-title '  itemprop=\"name\" >\u00bfQu\u00e9 es alpha.b?<\/h2><\/div><\/div><\/div><\/div><\/div><img decoding=\"async\" fetchpriority=\"high\" class=\"wp-image-31284 avia-img-lazy-loading-not-31284\"  src=\"https:\/\/www.alpha-b.fr\/wp-content\/uploads\/2024\/11\/best-french-language-school-1500x630.webp\" width=\"1500\" height=\"630\" title='best-french-language-school' alt='Best French language school in Nice '  itemprop=\"thumbnailUrl\"   \/><\/div><\/li><\/ul><\/div><\/div>\n<div id='av-layout-grid-1'  class='av-layout-grid-container av-nq2e90-9cc85b0cbfd2b9d3ff5a22c9ada80d88 entry-content-wrapper main_color av-flex-cells  avia-builder-el-1  el_after_av_slideshow_full  el_before_av_layout_row  grid-row-not-first  container_wrap sidebar_right'  >\n\n<style type=\"text\/css\" data-created_by=\"avia_inline_auto\" id=\"style-css-av-m43f2s-0fb6aa5204092a0cb897acc92a0c743f\">\n.flex_cell.av-m43f2s-0fb6aa5204092a0cb897acc92a0c743f{\nvertical-align:middle;\nheight:300px;\nmin-height:300px;\nbackground-color:#ffffff;\n}\n.responsive #top #wrap_all .flex_cell.av-m43f2s-0fb6aa5204092a0cb897acc92a0c743f{\npadding:50px 100px 50px 100px !important;\n}\n\n@media only screen and (max-width: 479px){ \n.responsive #top #wrap_all .flex_cell.av-m43f2s-0fb6aa5204092a0cb897acc92a0c743f{\npadding:20px 20px 20px 20px !important;\n}\n}\n<\/style>\n<div class='flex_cell av-m43f2s-0fb6aa5204092a0cb897acc92a0c743f av-gridrow-cell av_one_half no_margin  avia-builder-el-2  el_before_av_cell_one_half  avia-builder-el-first  content-align-middle'  ><div class='flex_cell_inner'><p>\n<style type=\"text\/css\" data-created_by=\"avia_inline_auto\" id=\"style-css-av-2b64gk-0cae215469cf3af2b2f7e8c0621727eb\">\n#top .av-special-heading.av-2b64gk-0cae215469cf3af2b2f7e8c0621727eb{\npadding-bottom:10px;\ncolor:#ed7366;\nfont-size:30px;\n}\nbody .av-special-heading.av-2b64gk-0cae215469cf3af2b2f7e8c0621727eb .av-special-heading-tag .heading-char{\nfont-size:25px;\n}\n#top #wrap_all .av-special-heading.av-2b64gk-0cae215469cf3af2b2f7e8c0621727eb .av-special-heading-tag{\nfont-size:30px;\n}\n.av-special-heading.av-2b64gk-0cae215469cf3af2b2f7e8c0621727eb .special-heading-inner-border{\nborder-color:#ed7366;\n}\n.av-special-heading.av-2b64gk-0cae215469cf3af2b2f7e8c0621727eb .av-subheading{\nfont-size:15px;\n}\n\n@media only screen and (min-width: 480px) and (max-width: 767px){ \n#top #wrap_all .av-special-heading.av-2b64gk-0cae215469cf3af2b2f7e8c0621727eb .av-special-heading-tag{\nfont-size:0.8em;\n}\n}\n\n@media only screen and (max-width: 479px){ \n#top #wrap_all .av-special-heading.av-2b64gk-0cae215469cf3af2b2f7e8c0621727eb .av-special-heading-tag{\nfont-size:0.8em;\n}\n}\n<\/style>\n<div  class='av-special-heading av-2b64gk-0cae215469cf3af2b2f7e8c0621727eb av-special-heading-h3 custom-color-heading blockquote modern-quote  avia-builder-el-3  el_before_av_textblock  avia-builder-el-first  av-inherit-size'><h3 class='av-special-heading-tag '  itemprop=\"headline\"  >Una escuela independiente y profesores apasionados<\/h3><div class=\"special-heading-border\"><div class=\"special-heading-inner-border\"><\/div><\/div><\/div><br \/>\n<section  class='av_textblock_section av-jlj690-d34ab2a91775e549895d4d6b27628f82 '   itemscope=\"itemscope\" itemtype=\"https:\/\/schema.org\/CreativeWork\" ><div class='avia_textblock'  itemprop=\"text\" ><div class=\"flex max-w-full flex-col flex-grow\">\n<div class=\"min-h-8 text-message flex w-full flex-col items-end gap-2 whitespace-normal break-words text-start &#091;.text-message+&amp;&#093;:mt-5\" dir=\"auto\" data-message-author-role=\"assistant\" data-message-id=\"ce823d4a-efa8-42c8-8940-a36c6e79c05b\" data-message-model-slug=\"gpt-4o\">\n<div class=\"flex w-full flex-col gap-1 empty:hidden first:pt-&#091;3px&#093;\">\n<div class=\"markdown prose w-full break-words dark:prose-invert light\">\n<p><strong>alpha.b: una escuela de lengua francesa reconocida desde 1993<\/strong><\/p>\n<p>Desde hace m\u00e1s de <strong>30 a\u00f1os<\/strong>, alpha.b recibe cada a\u00f1o a m\u00e1s de <strong>2.500 estudiantes<\/strong> de todas partes del mundo: Alemania, Suiza, Reino Unido, Italia, Espa\u00f1a, Europa Central, Rusia, Jap\u00f3n, China, Australia, Estados Unidos y muchos m\u00e1s.<\/p>\n<p>Ya sea que seas principiante en franc\u00e9s o tengas <strong>objetivos espec\u00edficos<\/strong>, nuestro m\u00e9todo pedag\u00f3gico, desarrollado por expertos, se adapta a tus necesidades:<\/p>\n<ul>\n<li><strong>Preparaci\u00f3n para ex\u00e1menes<\/strong> como el BAC, A Level, DFP, DELF o DALF.<\/li>\n<li><strong>Franc\u00e9s profesional<\/strong> para mejorar tus competencias en el trabajo.<\/li>\n<li><strong>Perfeccionamiento en franc\u00e9s<\/strong> por placer o para proyectos personales.<\/li>\n<\/ul>\n<h3><strong>Un aprendizaje a medida<\/strong><\/h3>\n<p>Nuestro equipo de <strong>profesores cualificados<\/strong> pone todo su esfuerzo en ayudarte a alcanzar tus objetivos. Con <strong>clases interactivas<\/strong> y un <strong>seguimiento personalizado<\/strong>, progresar\u00e1s r\u00e1pidamente mientras descubres la cultura francesa.<\/p>\n<p>\u00a1\u00danete a <strong>alpha.b<\/strong> y vive una <strong>experiencia de aprendizaje \u00fanica<\/strong> en la <strong>Costa Azul<\/strong>, en el coraz\u00f3n de <strong>Niza<\/strong>!<\/p>\n<\/div>\n<\/div>\n<\/div>\n<\/div>\n<div class=\"mb-2 flex gap-3 empty:hidden -ml-2\">\n<div class=\"items-center justify-start rounded-xl p-1 flex\">\n<div class=\"flex items-center\"><\/div>\n<\/div>\n<\/div>\n<\/div><\/section><\/p>\n<\/div><\/div>\n<style type=\"text\/css\" data-created_by=\"avia_inline_auto\" id=\"style-css-av-h38cxg-a28f56d57223bf8fad751004858261e5\">\n.flex_cell.av-h38cxg-a28f56d57223bf8fad751004858261e5{\nvertical-align:top;\nheight:300px;\nmin-height:300px;\n}\n.responsive #top #wrap_all .flex_cell.av-h38cxg-a28f56d57223bf8fad751004858261e5{\npadding:30px 30px 30px 30px !important;\n}\n<\/style>\n<div class='flex_cell av-h38cxg-a28f56d57223bf8fad751004858261e5 av-gridrow-cell av_one_half no_margin  avia-builder-el-5  el_after_av_cell_one_half  avia-builder-el-last  content-align-top avia-full-stretch'  ><div class='flex_cell_inner'>\n<style type=\"text\/css\" data-created_by=\"avia_inline_auto\" id=\"style-css-av-jnacijeu-1a5434ddd2f603e99ea9c6a07246e664\">\n.avia-image-container.av-jnacijeu-1a5434ddd2f603e99ea9c6a07246e664 img.avia_image{\nbox-shadow:none;\n}\n.avia-image-container.av-jnacijeu-1a5434ddd2f603e99ea9c6a07246e664 .av-image-caption-overlay-center{\ncolor:#ffffff;\n}\n<\/style>\n<div  class='avia-image-container av-jnacijeu-1a5434ddd2f603e99ea9c6a07246e664 av-styling- avia-align-center  avia-builder-el-6  avia-builder-el-no-sibling '   itemprop=\"image\" itemscope=\"itemscope\" itemtype=\"https:\/\/schema.org\/ImageObject\" ><div class=\"avia-image-container-inner\"><div class=\"avia-image-overlay-wrap\"><img decoding=\"async\" fetchpriority=\"high\" class='wp-image-15972 avia-img-lazy-loading-not-15972 avia_image ' src=\"https:\/\/www.alpha-b.fr\/wp-content\/uploads\/2018\/10\/alpha_b_school1.jpg\" alt='' title='alpha_b_school1'  height=\"600\" width=\"800\"  itemprop=\"thumbnailUrl\" srcset=\"https:\/\/www.alpha-b.fr\/wp-content\/uploads\/2018\/10\/alpha_b_school1.jpg 800w, https:\/\/www.alpha-b.fr\/wp-content\/uploads\/2018\/10\/alpha_b_school1-450x338.jpg 450w, https:\/\/www.alpha-b.fr\/wp-content\/uploads\/2018\/10\/alpha_b_school1-300x225.jpg 300w, https:\/\/www.alpha-b.fr\/wp-content\/uploads\/2018\/10\/alpha_b_school1-768x576.jpg 768w, https:\/\/www.alpha-b.fr\/wp-content\/uploads\/2018\/10\/alpha_b_school1-705x529.jpg 705w\" sizes=\"(max-width: 800px) 100vw, 800px\" \/><\/div><\/div><\/div>\n<\/div><\/div><\/div><div id='av-layout-grid-2'  class='av-layout-grid-container av-fkpws4-fcf8400c47890254218824430564676b entry-content-wrapper main_color av-flex-cells  avia-builder-el-7  el_after_av_layout_row  el_before_av_section  grid-row-not-first  container_wrap sidebar_right'  >\n\n<style type=\"text\/css\" data-created_by=\"avia_inline_auto\" id=\"style-css-av-dzmnl0-dd0397df786a104e3b245721a3664ddd\">\n.flex_cell.av-dzmnl0-dd0397df786a104e3b245721a3664ddd{\nvertical-align:top;\n}\n.responsive #top #wrap_all .flex_cell.av-dzmnl0-dd0397df786a104e3b245721a3664ddd{\npadding:30px 30px 30px 30px !important;\n}\n<\/style>\n<div class='flex_cell av-dzmnl0-dd0397df786a104e3b245721a3664ddd av-gridrow-cell av_one_full no_margin  avia-builder-el-8  avia-builder-el-no-sibling  content-align-top'  ><div class='flex_cell_inner'><p>\n<style type=\"text\/css\" data-created_by=\"avia_inline_auto\" id=\"style-css-av-jw4xck5n-fe6bccddd2ccd36f77bbab8d080136e2\">\n#top .av-special-heading.av-jw4xck5n-fe6bccddd2ccd36f77bbab8d080136e2{\npadding-bottom:10px;\ncolor:#ed7366;\nfont-size:30px;\n}\nbody .av-special-heading.av-jw4xck5n-fe6bccddd2ccd36f77bbab8d080136e2 .av-special-heading-tag .heading-char{\nfont-size:25px;\n}\n#top #wrap_all .av-special-heading.av-jw4xck5n-fe6bccddd2ccd36f77bbab8d080136e2 .av-special-heading-tag{\nfont-size:30px;\n}\n.av-special-heading.av-jw4xck5n-fe6bccddd2ccd36f77bbab8d080136e2 .special-heading-inner-border{\nborder-color:#ed7366;\n}\n.av-special-heading.av-jw4xck5n-fe6bccddd2ccd36f77bbab8d080136e2 .av-subheading{\nfont-size:15px;\n}\n\n@media only screen and (min-width: 480px) and (max-width: 767px){ \n#top #wrap_all .av-special-heading.av-jw4xck5n-fe6bccddd2ccd36f77bbab8d080136e2 .av-special-heading-tag{\nfont-size:0.8em;\n}\n}\n\n@media only screen and (max-width: 479px){ \n#top #wrap_all .av-special-heading.av-jw4xck5n-fe6bccddd2ccd36f77bbab8d080136e2 .av-special-heading-tag{\nfont-size:0.8em;\n}\n}\n<\/style>\n<div  class='av-special-heading av-jw4xck5n-fe6bccddd2ccd36f77bbab8d080136e2 av-special-heading-h3 custom-color-heading blockquote modern-quote  avia-builder-el-9  el_before_av_one_fourth  avia-builder-el-first  av-inherit-size'><h3 class='av-special-heading-tag '  itemprop=\"headline\"  >\u00a1Descubra qu\u00e9 es alpha.b!<\/h3><div class=\"special-heading-border\"><div class=\"special-heading-inner-border\"><\/div><\/div><\/div><br \/>\n<div  class='flex_column av-5wm6t0-a39483946ac189c2589294dca7017c0b av_one_fourth  avia-builder-el-10  el_after_av_heading  el_before_av_one_half  first flex_column_div  '     ><\/div><div  class='flex_column av-3ixp50-d75ce80816bdf51d326f37551daaad0a av_one_half  avia-builder-el-11  el_after_av_one_fourth  el_before_av_one_fourth  flex_column_div  '     ><div  class='avia-video av-buqb38-39009e4cdff59fa130c5da776e2ac21b avia-video-16-9 av-no-preview-image avia-video-load-always av-lazyload-immediate av-lazyload-video-embed'  itemprop=\"video\" itemtype=\"https:\/\/schema.org\/VideoObject\"  data-original_url='https:\/\/youtu.be\/2VIzHcBvTC8'><script type='text\/html' class='av-video-tmpl'><div class='avia-iframe-wrap'><iframe loading=\"lazy\" title=\"Alpha.b French language school in Nice - Learn French in the South of France\" width=\"1500\" height=\"844\" src=\"https:\/\/www.youtube.com\/embed\/2VIzHcBvTC8?feature=oembed&autoplay=0&loop=0&controls=1&mute=0\" frameborder=\"0\" allow=\"accelerometer; autoplay; clipboard-write; encrypted-media; gyroscope; picture-in-picture; web-share\" referrerpolicy=\"strict-origin-when-cross-origin\" allowfullscreen><\/iframe><\/div><\/script><div class='av-click-to-play-overlay'><div class=\"avia_playpause_icon\"><\/div><\/div><\/div><\/div><div  class='flex_column av-2bt9sk-5467da19e50cb8b796b120af6abb7405 av_one_fourth  avia-builder-el-13  el_after_av_one_half  avia-builder-el-last  flex_column_div  '     ><\/div><\/p>\n<\/div><\/div>\n<\/div><\/p>\n\n<style type=\"text\/css\" data-created_by=\"avia_inline_auto\" id=\"style-css-av-ab4f6s-67c33f8a9dfab26bb20b396a0c4da485\">\n.avia-section.av-ab4f6s-67c33f8a9dfab26bb20b396a0c4da485{\nbackground-color:#ff7337;\nbackground-image:unset;\n}\n.avia-section.av-ab4f6s-67c33f8a9dfab26bb20b396a0c4da485 .av-section-color-overlay{\nopacity:0.1;\n}\n<\/style>\n<div id='sign-up'  class='avia-section av-ab4f6s-67c33f8a9dfab26bb20b396a0c4da485 main_color avia-section-default avia-no-shadow  avia-builder-el-14  el_after_av_layout_row  avia-builder-el-last  avia-bg-style-parallax av-section-color-overlay-active container_wrap sidebar_right'  ><div class=\"av-section-color-overlay-wrap\"><div class=\"av-section-color-overlay\"><\/div><div class='container av-section-cont-open' ><div class='template-page content  av-content-small alpha units'><div class='post-entry post-entry-type-page post-entry-16983'><div class='entry-content-wrapper clearfix'>\n\n<style type=\"text\/css\" data-created_by=\"avia_inline_auto\" id=\"style-css-av-8z062s-c5e154b628bec97244cb1fff784ea5cc\">\n#top .av-special-heading.av-8z062s-c5e154b628bec97244cb1fff784ea5cc{\npadding-bottom:10px;\ncolor:#ffffff;\nfont-size:30px;\n}\nbody .av-special-heading.av-8z062s-c5e154b628bec97244cb1fff784ea5cc .av-special-heading-tag .heading-char{\nfont-size:25px;\n}\n#top #wrap_all .av-special-heading.av-8z062s-c5e154b628bec97244cb1fff784ea5cc .av-special-heading-tag{\nfont-size:30px;\n}\n.av-special-heading.av-8z062s-c5e154b628bec97244cb1fff784ea5cc .special-heading-inner-border{\nborder-color:#ffffff;\n}\n.av-special-heading.av-8z062s-c5e154b628bec97244cb1fff784ea5cc .av-subheading{\nfont-size:15px;\n}\n\n@media only screen and (min-width: 480px) and (max-width: 767px){ \n#top #wrap_all .av-special-heading.av-8z062s-c5e154b628bec97244cb1fff784ea5cc .av-special-heading-tag{\nfont-size:0.8em;\n}\n}\n\n@media only screen and (max-width: 479px){ \n#top #wrap_all .av-special-heading.av-8z062s-c5e154b628bec97244cb1fff784ea5cc .av-special-heading-tag{\nfont-size:0.8em;\n}\n}\n<\/style>\n<div  class='av-special-heading av-8z062s-c5e154b628bec97244cb1fff784ea5cc av-special-heading-h3 custom-color-heading blockquote modern-quote modern-centered  avia-builder-el-15  el_before_av_one_fifth  avia-builder-el-first  av-inherit-size'><h3 class='av-special-heading-tag '  itemprop=\"headline\"  >\u00bfQuiere reservar su estancia ling\u00fc\u00edstica ?<\/h3><div class=\"special-heading-border\"><div class=\"special-heading-inner-border\"><\/div><\/div><\/div>\n<div  class='flex_column av-6uj1f8-7a76b4d991650b38293fee0e3a10a856 av_one_fifth  avia-builder-el-16  el_after_av_heading  el_before_av_three_fifth  first flex_column_div  '     ><\/div>\n<style type=\"text\/css\" data-created_by=\"avia_inline_auto\" id=\"style-css-av-5bqawk-70dd562eda94e370a0c483ceaf4ca995\">\n.flex_column.av-5bqawk-70dd562eda94e370a0c483ceaf4ca995{\nborder-radius:0px 0px 0px 0px;\npadding:0px 0px 0px 0px;\n}\n<\/style>\n<div  class='flex_column av-5bqawk-70dd562eda94e370a0c483ceaf4ca995 av_three_fifth  avia-builder-el-17  el_after_av_one_fifth  el_before_av_one_fifth  flex_column_div av-zero-column-padding  '     ><div  class='avia-button-wrap av-4ar2is-7e5588b1da20f0d43e5dcac48ed748fe-wrap avia-button-center  avia-builder-el-18  avia-builder-el-no-sibling '>\n<style type=\"text\/css\" data-created_by=\"avia_inline_auto\" id=\"style-css-av-4ar2is-7e5588b1da20f0d43e5dcac48ed748fe\">\n#top #wrap_all .avia-button.av-4ar2is-7e5588b1da20f0d43e5dcac48ed748fe{\nfont-size:25px;\ntransition:all 0.4s ease-in-out;\n}\n<\/style>\n<a href='https:\/\/www.alpha-b.fr\/es\/inscripcion-para-el-curso-de-frances\/'  class='avia-button av-4ar2is-7e5588b1da20f0d43e5dcac48ed748fe av-link-btn avia-icon_select-no avia-size-x-large avia-position-center avia-color-light'   aria-label=\"Haga clic aqui\"><span class='avia_iconbox_title' >Haga clic aqui<\/span><\/a><\/div><\/div>\n<style type=\"text\/css\" data-created_by=\"avia_inline_auto\" id=\"style-css-av-2eeak4-9f0b486dba937894e709d07a3c626f4d\">\n.flex_column.av-2eeak4-9f0b486dba937894e709d07a3c626f4d{\nborder-radius:0px 0px 0px 0px;\npadding:0px 0px 0px 0px;\n}\n<\/style>\n<div  class='flex_column av-2eeak4-9f0b486dba937894e709d07a3c626f4d av_one_fifth  avia-builder-el-19  el_after_av_three_fifth  avia-builder-el-last  flex_column_div av-zero-column-padding  '     ><\/div>\n<\/div><\/div><\/div><!-- close content main div --><\/div><\/div><\/div><div id='after_section_1'  class='main_color av_default_container_wrap container_wrap sidebar_right'  ><div class='container av-section-cont-open' ><div class='template-page content  av-content-small alpha units'><div class='post-entry post-entry-type-page post-entry-16983'><div class='entry-content-wrapper clearfix'>\n","protected":false},"excerpt":{"rendered":"","protected":false},"author":2,"featured_media":0,"parent":0,"menu_order":0,"comment_status":"closed","ping_status":"closed","template":"","meta":{"_exactmetrics_skip_tracking":false,"_exactmetrics_sitenote_active":false,"_exactmetrics_sitenote_note":"","_exactmetrics_sitenote_category":0,"footnotes":""},"class_list":["post-16983","page","type-page","status-publish","hentry"],"yoast_head":"<!-- This site is optimized with the Yoast SEO plugin v27.4 - https:\/\/yoast.com\/product\/yoast-seo-wordpress\/ -->\n<title>\u00bfQu\u00e9 es alpha.b ? Alpha.b French school en Niza en Francia<\/title>\n<meta name=\"description\" content=\"\u00bfQu\u00e9 es alpha.b? Descubra la historia de nuestra escuela de lengua francesa en Niza en la Costa Azul en Francia y sus directores.\" \/>\n<meta name=\"robots\" content=\"index, follow, max-snippet:-1, max-image-preview:large, max-video-preview:-1\" \/>\n<link rel=\"canonical\" href=\"https:\/\/www.alpha-b.fr\/es\/que-es-alpha-b\/\" \/>\n<meta property=\"og:locale\" content=\"es_ES\" \/>\n<meta property=\"og:type\" content=\"article\" \/>\n<meta property=\"og:title\" content=\"\u00bfQu\u00e9 es alpha.b ? Alpha.b French school en Niza en Francia\" \/>\n<meta property=\"og:description\" content=\"\u00bfQu\u00e9 es alpha.b? Descubra la historia de nuestra escuela de lengua francesa en Niza en la Costa Azul en Francia y sus directores.\" \/>\n<meta property=\"og:url\" content=\"https:\/\/www.alpha-b.fr\/es\/que-es-alpha-b\/\" \/>\n<meta property=\"og:site_name\" content=\"Alphab French school in France\" \/>\n<meta property=\"article:publisher\" content=\"https:\/\/www.facebook.com\/AlphabCoursDeFrancais\/\" \/>\n<meta property=\"article:modified_time\" content=\"2025-02-10T13:51:00+00:00\" \/>\n<meta name=\"twitter:card\" content=\"summary_large_image\" \/>\n<meta name=\"twitter:site\" content=\"@alphab_Live\" \/>\n<meta name=\"twitter:label1\" content=\"Est. reading time\" \/>\n\t<meta name=\"twitter:data1\" content=\"17 minutes\" \/>\n<script type=\"application\/ld+json\" class=\"yoast-schema-graph\">{\"@context\":\"https:\\\/\\\/schema.org\",\"@graph\":[{\"@type\":\"WebPage\",\"@id\":\"https:\\\/\\\/www.alpha-b.fr\\\/es\\\/que-es-alpha-b\\\/\",\"url\":\"https:\\\/\\\/www.alpha-b.fr\\\/es\\\/que-es-alpha-b\\\/\",\"name\":\"\u00bfQu\u00e9 es alpha.b ? Alpha.b French school en Niza en Francia\",\"isPartOf\":{\"@id\":\"https:\\\/\\\/www.alpha-b.fr\\\/es\\\/#website\"},\"datePublished\":\"2018-11-22T13:15:15+00:00\",\"dateModified\":\"2025-02-10T13:51:00+00:00\",\"description\":\"\u00bfQu\u00e9 es alpha.b? Descubra la historia de nuestra escuela de lengua francesa en Niza en la Costa Azul en Francia y sus directores.\",\"breadcrumb\":{\"@id\":\"https:\\\/\\\/www.alpha-b.fr\\\/es\\\/que-es-alpha-b\\\/#breadcrumb\"},\"inLanguage\":\"es-ES\",\"potentialAction\":[{\"@type\":\"ReadAction\",\"target\":[\"https:\\\/\\\/www.alpha-b.fr\\\/es\\\/que-es-alpha-b\\\/\"]}]},{\"@type\":\"BreadcrumbList\",\"@id\":\"https:\\\/\\\/www.alpha-b.fr\\\/es\\\/que-es-alpha-b\\\/#breadcrumb\",\"itemListElement\":[{\"@type\":\"ListItem\",\"position\":1,\"name\":\"Accueil\",\"item\":\"https:\\\/\\\/www.alpha-b.fr\\\/es\\\/ecole-de-francais\\\/\"},{\"@type\":\"ListItem\",\"position\":2,\"name\":\"\u00bfQu\u00e9 es alpha.b ?\"}]},{\"@type\":\"WebSite\",\"@id\":\"https:\\\/\\\/www.alpha-b.fr\\\/es\\\/#website\",\"url\":\"https:\\\/\\\/www.alpha-b.fr\\\/es\\\/\",\"name\":\"Alphab French school in France\",\"description\":\"Le fran\u00e7ais autrement \ud83c\uddeb\ud83c\uddf7\",\"publisher\":{\"@id\":\"https:\\\/\\\/www.alpha-b.fr\\\/es\\\/#organization\"},\"potentialAction\":[{\"@type\":\"SearchAction\",\"target\":{\"@type\":\"EntryPoint\",\"urlTemplate\":\"https:\\\/\\\/www.alpha-b.fr\\\/es\\\/?s={search_term_string}\"},\"query-input\":{\"@type\":\"PropertyValueSpecification\",\"valueRequired\":true,\"valueName\":\"search_term_string\"}}],\"inLanguage\":\"es-ES\"},{\"@type\":\"Organization\",\"@id\":\"https:\\\/\\\/www.alpha-b.fr\\\/es\\\/#organization\",\"name\":\"Institut linguistique alpha-b\",\"url\":\"https:\\\/\\\/www.alpha-b.fr\\\/es\\\/\",\"logo\":{\"@type\":\"ImageObject\",\"inLanguage\":\"es-ES\",\"@id\":\"https:\\\/\\\/www.alpha-b.fr\\\/es\\\/#\\\/schema\\\/logo\\\/image\\\/\",\"url\":\"https:\\\/\\\/www.alpha-b.fr\\\/wp-content\\\/uploads\\\/2017\\\/05\\\/logoalphab.png\",\"contentUrl\":\"https:\\\/\\\/www.alpha-b.fr\\\/wp-content\\\/uploads\\\/2017\\\/05\\\/logoalphab.png\",\"width\":157,\"height\":92,\"caption\":\"Institut linguistique alpha-b\"},\"image\":{\"@id\":\"https:\\\/\\\/www.alpha-b.fr\\\/es\\\/#\\\/schema\\\/logo\\\/image\\\/\"},\"sameAs\":[\"https:\\\/\\\/www.facebook.com\\\/AlphabCoursDeFrancais\\\/\",\"https:\\\/\\\/x.com\\\/alphab_Live\",\"https:\\\/\\\/www.instagram.com\\\/alphabfrenchschool\\\/\",\"https:\\\/\\\/www.tiktok.com\\\/@alphabfrenchschool\"]}]}<\/script>\n<!-- \/ Yoast SEO plugin. -->","yoast_head_json":{"title":"\u00bfQu\u00e9 es alpha.b ? Alpha.b French school en Niza en Francia","description":"\u00bfQu\u00e9 es alpha.b? Descubra la historia de nuestra escuela de lengua francesa en Niza en la Costa Azul en Francia y sus directores.","robots":{"index":"index","follow":"follow","max-snippet":"max-snippet:-1","max-image-preview":"max-image-preview:large","max-video-preview":"max-video-preview:-1"},"canonical":"https:\/\/www.alpha-b.fr\/es\/que-es-alpha-b\/","og_locale":"es_ES","og_type":"article","og_title":"\u00bfQu\u00e9 es alpha.b ? Alpha.b French school en Niza en Francia","og_description":"\u00bfQu\u00e9 es alpha.b? Descubra la historia de nuestra escuela de lengua francesa en Niza en la Costa Azul en Francia y sus directores.","og_url":"https:\/\/www.alpha-b.fr\/es\/que-es-alpha-b\/","og_site_name":"Alphab French school in France","article_publisher":"https:\/\/www.facebook.com\/AlphabCoursDeFrancais\/","article_modified_time":"2025-02-10T13:51:00+00:00","twitter_card":"summary_large_image","twitter_site":"@alphab_Live","twitter_misc":{"Est. reading time":"17 minutes"},"schema":{"@context":"https:\/\/schema.org","@graph":[{"@type":"WebPage","@id":"https:\/\/www.alpha-b.fr\/es\/que-es-alpha-b\/","url":"https:\/\/www.alpha-b.fr\/es\/que-es-alpha-b\/","name":"\u00bfQu\u00e9 es alpha.b ? Alpha.b French school en Niza en Francia","isPartOf":{"@id":"https:\/\/www.alpha-b.fr\/es\/#website"},"datePublished":"2018-11-22T13:15:15+00:00","dateModified":"2025-02-10T13:51:00+00:00","description":"\u00bfQu\u00e9 es alpha.b? Descubra la historia de nuestra escuela de lengua francesa en Niza en la Costa Azul en Francia y sus directores.","breadcrumb":{"@id":"https:\/\/www.alpha-b.fr\/es\/que-es-alpha-b\/#breadcrumb"},"inLanguage":"es-ES","potentialAction":[{"@type":"ReadAction","target":["https:\/\/www.alpha-b.fr\/es\/que-es-alpha-b\/"]}]},{"@type":"BreadcrumbList","@id":"https:\/\/www.alpha-b.fr\/es\/que-es-alpha-b\/#breadcrumb","itemListElement":[{"@type":"ListItem","position":1,"name":"Accueil","item":"https:\/\/www.alpha-b.fr\/es\/ecole-de-francais\/"},{"@type":"ListItem","position":2,"name":"\u00bfQu\u00e9 es alpha.b ?"}]},{"@type":"WebSite","@id":"https:\/\/www.alpha-b.fr\/es\/#website","url":"https:\/\/www.alpha-b.fr\/es\/","name":"Alphab French school in France","description":"Le fran\u00e7ais autrement \ud83c\uddeb\ud83c\uddf7","publisher":{"@id":"https:\/\/www.alpha-b.fr\/es\/#organization"},"potentialAction":[{"@type":"SearchAction","target":{"@type":"EntryPoint","urlTemplate":"https:\/\/www.alpha-b.fr\/es\/?s={search_term_string}"},"query-input":{"@type":"PropertyValueSpecification","valueRequired":true,"valueName":"search_term_string"}}],"inLanguage":"es-ES"},{"@type":"Organization","@id":"https:\/\/www.alpha-b.fr\/es\/#organization","name":"Institut linguistique alpha-b","url":"https:\/\/www.alpha-b.fr\/es\/","logo":{"@type":"ImageObject","inLanguage":"es-ES","@id":"https:\/\/www.alpha-b.fr\/es\/#\/schema\/logo\/image\/","url":"https:\/\/www.alpha-b.fr\/wp-content\/uploads\/2017\/05\/logoalphab.png","contentUrl":"https:\/\/www.alpha-b.fr\/wp-content\/uploads\/2017\/05\/logoalphab.png","width":157,"height":92,"caption":"Institut linguistique alpha-b"},"image":{"@id":"https:\/\/www.alpha-b.fr\/es\/#\/schema\/logo\/image\/"},"sameAs":["https:\/\/www.facebook.com\/AlphabCoursDeFrancais\/","https:\/\/x.com\/alphab_Live","https:\/\/www.instagram.com\/alphabfrenchschool\/","https:\/\/www.tiktok.com\/@alphabfrenchschool"]}]}},"_links":{"self":[{"href":"https:\/\/www.alpha-b.fr\/es\/wp-json\/wp\/v2\/pages\/16983","targetHints":{"allow":["GET"]}}],"collection":[{"href":"https:\/\/www.alpha-b.fr\/es\/wp-json\/wp\/v2\/pages"}],"about":[{"href":"https:\/\/www.alpha-b.fr\/es\/wp-json\/wp\/v2\/types\/page"}],"author":[{"embeddable":true,"href":"https:\/\/www.alpha-b.fr\/es\/wp-json\/wp\/v2\/users\/2"}],"replies":[{"embeddable":true,"href":"https:\/\/www.alpha-b.fr\/es\/wp-json\/wp\/v2\/comments?post=16983"}],"version-history":[{"count":0,"href":"https:\/\/www.alpha-b.fr\/es\/wp-json\/wp\/v2\/pages\/16983\/revisions"}],"wp:attachment":[{"href":"https:\/\/www.alpha-b.fr\/es\/wp-json\/wp\/v2\/media?parent=16983"}],"curies":[{"name":"wp","href":"https:\/\/api.w.org\/{rel}","templated":true}]}}