{"id":23865,"date":"2020-09-01T15:33:57","date_gmt":"2020-09-01T13:33:57","guid":{"rendered":"https:\/\/www.alpha-b.fr\/?page_id=23865"},"modified":"2020-09-01T15:59:08","modified_gmt":"2020-09-01T13:59:08","slug":"correction-braquage","status":"publish","type":"page","link":"https:\/\/www.alpha-b.fr\/en\/correction-braquage\/","title":{"rendered":"Correction Braquage"},"content":{"rendered":"\n<style type=\"text\/css\" data-created_by=\"avia_inline_auto\" id=\"style-css-av-62c0wg2-769af0ce15033855f74bdb1e0fd71d04\">\n.flex_column.av-62c0wg2-769af0ce15033855f74bdb1e0fd71d04{\nborder-radius:0px 0px 0px 0px;\npadding:30px 30px 30px 30px;\n}\n<\/style>\n<div  class='flex_column av-62c0wg2-769af0ce15033855f74bdb1e0fd71d04 av_one_full  avia-builder-el-0  el_before_av_layout_row  avia-builder-el-no-sibling  first flex_column_div  '     ><style type=\"text\/css\" data-created_by=\"avia_inline_auto\" id=\"style-css-av-keb4npao-4c07363a1a7c81d72f70fa9719a5481b\">\n#top .av-special-heading.av-keb4npao-4c07363a1a7c81d72f70fa9719a5481b{\npadding-bottom:25px;\ncolor:#b270eb;\n}\nbody .av-special-heading.av-keb4npao-4c07363a1a7c81d72f70fa9719a5481b .av-special-heading-tag .heading-char{\nfont-size:25px;\n}\n.av-special-heading.av-keb4npao-4c07363a1a7c81d72f70fa9719a5481b .special-heading-inner-border{\nborder-color:#b270eb;\n}\n.av-special-heading.av-keb4npao-4c07363a1a7c81d72f70fa9719a5481b .av-subheading{\nfont-size:15px;\n}\n<\/style>\n<div  class='av-special-heading av-keb4npao-4c07363a1a7c81d72f70fa9719a5481b av-special-heading-h1 custom-color-heading blockquote modern-quote modern-centered  avia-builder-el-1  avia-builder-el-no-sibling '><h1 class='av-special-heading-tag '  itemprop=\"headline\"  >PDF Bonus gratuit ! Exercices + corrections + explications<\/h1><div class=\"special-heading-border\"><div class=\"special-heading-inner-border\"><\/div><\/div><\/div><\/div>\n<\/div><\/div><\/div><!-- close content main div --><\/div><\/div><div id='av-layout-grid-1'  class='av-layout-grid-container av-5mza2f6-58b1948a3cee6ab27a4112cf734342ce entry-content-wrapper main_color av-flex-cells  avia-builder-el-2  el_after_av_one_full  el_before_av_section  grid-row-not-first  container_wrap fullsize'  >\n\n<style type=\"text\/css\" data-created_by=\"avia_inline_auto\" id=\"style-css-av-5fjd076-8d406763c7064f376b869e2659be7cb7\">\n.flex_cell.av-5fjd076-8d406763c7064f376b869e2659be7cb7{\nvertical-align:middle;\nheight:600px;\nmin-height:600px;\n}\n.responsive #top #wrap_all .flex_cell.av-5fjd076-8d406763c7064f376b869e2659be7cb7{\npadding:50px 100px 50px 100px !important;\n}\n<\/style>\n<div class='flex_cell av-5fjd076-8d406763c7064f376b869e2659be7cb7 av-gridrow-cell av_one_half no_margin  avia-builder-el-3  el_before_av_cell_one_half  avia-builder-el-first  content-align-middle avia-full-stretch'  ><div class='flex_cell_inner'><p>\n<style type=\"text\/css\" data-created_by=\"avia_inline_auto\" id=\"style-css-av-kejzlzjr-392d88235e012bf3288ed2e7dbe39a16\">\n#top .av-special-heading.av-kejzlzjr-392d88235e012bf3288ed2e7dbe39a16{\npadding-bottom:10px;\ncolor:#ed7366;\nfont-size:30px;\n}\nbody .av-special-heading.av-kejzlzjr-392d88235e012bf3288ed2e7dbe39a16 .av-special-heading-tag .heading-char{\nfont-size:25px;\n}\n#top #wrap_all .av-special-heading.av-kejzlzjr-392d88235e012bf3288ed2e7dbe39a16 .av-special-heading-tag{\nfont-size:30px;\n}\n.av-special-heading.av-kejzlzjr-392d88235e012bf3288ed2e7dbe39a16 .special-heading-inner-border{\nborder-color:#ed7366;\n}\n.av-special-heading.av-kejzlzjr-392d88235e012bf3288ed2e7dbe39a16 .av-subheading{\nfont-size:15px;\n}\n\n@media only screen and (min-width: 480px) and (max-width: 767px){ \n#top #wrap_all .av-special-heading.av-kejzlzjr-392d88235e012bf3288ed2e7dbe39a16 .av-special-heading-tag{\nfont-size:0.8em;\n}\n}\n\n@media only screen and (max-width: 479px){ \n#top #wrap_all .av-special-heading.av-kejzlzjr-392d88235e012bf3288ed2e7dbe39a16 .av-special-heading-tag{\nfont-size:0.8em;\n}\n}\n<\/style>\n<div  class='av-special-heading av-kejzlzjr-392d88235e012bf3288ed2e7dbe39a16 av-special-heading-h3 custom-color-heading blockquote modern-quote  avia-builder-el-4  el_before_av_textblock  avia-builder-el-first  av-inherit-size'><h3 class='av-special-heading-tag '  itemprop=\"headline\"  >Tu viens de regarder la vid\u00e9o de Priscilla sur le th\u00e8me : Dict\u00e9e B1 <span class='special_amp'>&#8220;<\/span>Braquage dans les Alpes<span class='special_amp'>&#8221;<\/span> <\/h3><div class=\"special-heading-border\"><div class=\"special-heading-inner-border\"><\/div><\/div><\/div><br \/>\n<section  class='av_textblock_section av-keb50psq-25400b2257b07288b19c896b9158b759 '   itemscope=\"itemscope\" itemtype=\"https:\/\/schema.org\/CreativeWork\" ><div class='avia_textblock'  itemprop=\"text\" ><p>Re\u00e7ois maintenant <strong>gratuitement<\/strong> par e-mail des <strong>exercices avec la correction<\/strong> au format pdf.<br \/>\nTu trouveras \u00e9galement des explications compl\u00e9mentaires de Priscilla.<\/p>\n<\/div><\/section><\/p>\n<\/div><\/div>\n<style type=\"text\/css\" data-created_by=\"avia_inline_auto\" id=\"style-css-av-keb4z8fy-57c7f2990762724986195e1d27dbc8b8\">\n.flex_cell.av-keb4z8fy-57c7f2990762724986195e1d27dbc8b8{\nvertical-align:middle;\nheight:600px;\nmin-height:600px;\n}\n.responsive #top #wrap_all .flex_cell.av-keb4z8fy-57c7f2990762724986195e1d27dbc8b8{\npadding:30px 30px 30px 30px !important;\n}\n<\/style>\n<div class='flex_cell av-keb4z8fy-57c7f2990762724986195e1d27dbc8b8 av-gridrow-cell av_one_half no_margin  avia-builder-el-6  el_after_av_cell_one_half  avia-builder-el-last  content-align-middle'  ><div class='flex_cell_inner'>\n<style type=\"text\/css\" data-created_by=\"avia_inline_auto\" id=\"style-css-av-keb4zknd-4cd45a6b276cf7f4fede082026840056\">\n.avia-image-container.av-keb4zknd-4cd45a6b276cf7f4fede082026840056 img.avia_image{\nbox-shadow:none;\n}\n.avia-image-container.av-keb4zknd-4cd45a6b276cf7f4fede082026840056 .av-image-caption-overlay-center{\ncolor:#ffffff;\n}\n<\/style>\n<div  class='avia-image-container av-keb4zknd-4cd45a6b276cf7f4fede082026840056 av-styling- avia-align-center  avia-builder-el-7  avia-builder-el-no-sibling '   itemprop=\"image\" itemscope=\"itemscope\" itemtype=\"https:\/\/schema.org\/ImageObject\" ><div class=\"avia-image-container-inner\"><div class=\"avia-image-overlay-wrap\"><img decoding=\"async\" fetchpriority=\"high\" class='wp-image-23866 avia-img-lazy-loading-not-23866 avia_image ' src=\"https:\/\/www.alpha-b.fr\/wp-content\/uploads\/2020\/09\/Capture-de\u0301cran-2020-09-01-a\u0300-15.32.06.png\" alt='d\u00e9fi dict\u00e9e' title='Capture d\u2019e\u0301cran 2020-09-01 a\u0300 15.32.06'  height=\"565\" width=\"1091\"  itemprop=\"thumbnailUrl\" srcset=\"https:\/\/www.alpha-b.fr\/wp-content\/uploads\/2020\/09\/Capture-de\u0301cran-2020-09-01-a\u0300-15.32.06.png 1091w, https:\/\/www.alpha-b.fr\/wp-content\/uploads\/2020\/09\/Capture-de\u0301cran-2020-09-01-a\u0300-15.32.06-450x233.png 450w, https:\/\/www.alpha-b.fr\/wp-content\/uploads\/2020\/09\/Capture-de\u0301cran-2020-09-01-a\u0300-15.32.06-300x155.png 300w, https:\/\/www.alpha-b.fr\/wp-content\/uploads\/2020\/09\/Capture-de\u0301cran-2020-09-01-a\u0300-15.32.06-1030x533.png 1030w, https:\/\/www.alpha-b.fr\/wp-content\/uploads\/2020\/09\/Capture-de\u0301cran-2020-09-01-a\u0300-15.32.06-768x398.png 768w, https:\/\/www.alpha-b.fr\/wp-content\/uploads\/2020\/09\/Capture-de\u0301cran-2020-09-01-a\u0300-15.32.06-705x365.png 705w\" sizes=\"(max-width: 1091px) 100vw, 1091px\" \/><\/div><\/div><\/div>\n<\/div><\/div>\n<\/div>\n\n<style type=\"text\/css\" data-created_by=\"avia_inline_auto\" id=\"style-css-av-4w4kjhe-d7c4c46c266aa0f2807bee61af74e95f\">\n.avia-section.av-4w4kjhe-d7c4c46c266aa0f2807bee61af74e95f .av-section-color-overlay{\nopacity:0.7;\nbackground-color:#ed7366;\n}\n<\/style>\n<div id='sign-up'  class='avia-section av-4w4kjhe-d7c4c46c266aa0f2807bee61af74e95f main_color avia-section-default avia-no-shadow  avia-builder-el-8  el_after_av_layout_row  avia-builder-el-last  avia-bg-style-parallax av-section-color-overlay-active container_wrap fullsize'  ><div class=\"av-section-color-overlay-wrap\"><div class=\"av-section-color-overlay\"><\/div><div class='container av-section-cont-open' ><div class='template-page content  av-content-full alpha units'><div class='post-entry post-entry-type-page post-entry-23865'><div class='entry-content-wrapper clearfix'>\n\n<style type=\"text\/css\" data-created_by=\"avia_inline_auto\" id=\"style-css-av-av_heading-2bdd740777a8f72c97f0c651a1815303\">\n#top .av-special-heading.av-av_heading-2bdd740777a8f72c97f0c651a1815303{\npadding-bottom:10px;\ncolor:#ffffff;\nfont-size:30px;\n}\nbody .av-special-heading.av-av_heading-2bdd740777a8f72c97f0c651a1815303 .av-special-heading-tag .heading-char{\nfont-size:25px;\n}\n#top #wrap_all .av-special-heading.av-av_heading-2bdd740777a8f72c97f0c651a1815303 .av-special-heading-tag{\nfont-size:30px;\n}\n.av-special-heading.av-av_heading-2bdd740777a8f72c97f0c651a1815303 .special-heading-inner-border{\nborder-color:#ffffff;\n}\n.av-special-heading.av-av_heading-2bdd740777a8f72c97f0c651a1815303 .av-subheading{\nfont-size:15px;\n}\n\n@media only screen and (min-width: 480px) and (max-width: 767px){ \n#top #wrap_all .av-special-heading.av-av_heading-2bdd740777a8f72c97f0c651a1815303 .av-special-heading-tag{\nfont-size:0.8em;\n}\n}\n\n@media only screen and (max-width: 479px){ \n#top #wrap_all .av-special-heading.av-av_heading-2bdd740777a8f72c97f0c651a1815303 .av-special-heading-tag{\nfont-size:0.8em;\n}\n}\n<\/style>\n<div  class='av-special-heading av-av_heading-2bdd740777a8f72c97f0c651a1815303 av-special-heading-h3 custom-color-heading blockquote modern-quote modern-centered  avia-builder-el-9  el_before_av_one_fifth  avia-builder-el-first  av-inherit-size'><h3 class='av-special-heading-tag '  itemprop=\"headline\"  > \u00c9cris ton adresse email pour recevoir la correction <\/h3><div class=\"special-heading-border\"><div class=\"special-heading-inner-border\"><\/div><\/div><\/div>\n<div  class='flex_column av-48rjmci-827367955a578826e4201ea8242d712a av_one_fifth  avia-builder-el-10  el_after_av_heading  el_before_av_three_fifth  first flex_column_div  '     ><\/div>\n<style type=\"text\/css\" data-created_by=\"avia_inline_auto\" id=\"style-css-av-3x751uq-301a9a18516e268950a2d92e7768c736\">\n.flex_column.av-3x751uq-301a9a18516e268950a2d92e7768c736{\nborder-radius:0px 0px 0px 0px;\npadding:0px 0px 0px 0px;\n}\n<\/style>\n<div  class='flex_column av-3x751uq-301a9a18516e268950a2d92e7768c736 av_three_fifth  avia-builder-el-11  el_after_av_one_fifth  el_before_av_one_fifth  flex_column_div av-zero-column-padding  '     ><form action=\"https:\/\/www.alpha-b.fr\/en\/correction-braquage\/\" method=\"post\"  data-av-custom-send='mailchimp_send'data-fields-with-error=\"Found errors in the following field(s):\" class=\"avia_ajax_form av-form-labels-visible   avia-builder-el-12  avia-builder-el-no-sibling   avia-mailchimp-form \" data-avia-form-id=\"1\" data-avia-redirect='https:\/\/www.alpha-b.fr\/en\/thank-you\/' ><fieldset><p class='  first_form  form_element form_fullwidth' id='element_avia_1_1'><label for=\"avia_1_1\">Pr\u00e9nom ou pseudo<\/label> <input name=\"avia_1_1\" class=\"text_input \" type=\"text\" id=\"avia_1_1\" value=\"\" \/><\/p><p class='  first_form  form_element form_fullwidth' id='element_avia_0_1'><label for=\"avia_0_1\">Email Address <abbr class=\"required\" title=\"required\">*<\/abbr><\/label> <input name=\"avia_0_1\" class=\"text_input is_email\" type=\"text\" id=\"avia_0_1\" value=\"\" \/><\/p><p class=\"form_element  first_form  form_element form_fullwidth av-last-visible-form-element modified_width\"><input type=\"hidden\" value=\"1\" name=\"avia_generated_form1\" \/><input type=\"submit\" value=\"Recevoir la correction\" class=\"button\"  data-sending-label=\"Sending\"\/><\/p><p class=\"hidden\"><input type=\"text\" name=\"avia_avia_username_1\" class=\"hidden \" id=\"avia_avia_username_1\" value=\"\" \/><\/p><\/fieldset><\/form><div id=\"ajaxresponse_1\" class=\"ajaxresponse ajaxresponse_1 hidden\"><\/div><\/div>\n<style type=\"text\/css\" data-created_by=\"avia_inline_auto\" id=\"style-css-av-p74jnm-d3cdd067c3cfa2879a41e3786793374e\">\n.flex_column.av-p74jnm-d3cdd067c3cfa2879a41e3786793374e{\nborder-radius:0px 0px 0px 0px;\npadding:0px 0px 0px 0px;\n}\n<\/style>\n<div  class='flex_column av-p74jnm-d3cdd067c3cfa2879a41e3786793374e av_one_fifth  avia-builder-el-13  el_after_av_three_fifth  avia-builder-el-last  flex_column_div av-zero-column-padding  '     ><\/div>\n","protected":false},"excerpt":{"rendered":"","protected":false},"author":2,"featured_media":0,"parent":0,"menu_order":0,"comment_status":"closed","ping_status":"closed","template":"","meta":{"_exactmetrics_skip_tracking":false,"_exactmetrics_sitenote_active":false,"_exactmetrics_sitenote_note":"","_exactmetrics_sitenote_category":0,"footnotes":""},"class_list":["post-23865","page","type-page","status-publish","hentry"],"yoast_head":"<!-- This site is optimized with the Yoast SEO plugin v27.6 - https:\/\/yoast.com\/product\/yoast-seo-wordpress\/ -->\n<title>Correction Braquage | Alphab French school in France<\/title>\n<meta name=\"robots\" content=\"index, follow, max-snippet:-1, max-image-preview:large, max-video-preview:-1\" \/>\n<link rel=\"canonical\" href=\"https:\/\/www.alpha-b.fr\/en\/correction-braquage\/\" \/>\n<meta property=\"og:locale\" content=\"en_US\" \/>\n<meta property=\"og:type\" content=\"article\" \/>\n<meta property=\"og:title\" content=\"Correction Braquage | Alphab French school in France\" \/>\n<meta property=\"og:url\" content=\"https:\/\/www.alpha-b.fr\/en\/correction-braquage\/\" \/>\n<meta property=\"og:site_name\" content=\"Alphab French school in France\" \/>\n<meta property=\"article:publisher\" content=\"https:\/\/www.facebook.com\/AlphabCoursDeFrancais\/\" \/>\n<meta property=\"article:modified_time\" content=\"2020-09-01T13:59:08+00:00\" \/>\n<meta name=\"twitter:card\" content=\"summary_large_image\" \/>\n<meta name=\"twitter:site\" content=\"@alphab_Live\" \/>\n<meta name=\"twitter:label1\" content=\"Est. reading time\" \/>\n\t<meta name=\"twitter:data1\" content=\"6 minutes\" \/>\n<script type=\"application\/ld+json\" class=\"yoast-schema-graph\">{\"@context\":\"https:\\\/\\\/schema.org\",\"@graph\":[{\"@type\":\"WebPage\",\"@id\":\"https:\\\/\\\/www.alpha-b.fr\\\/en\\\/correction-braquage\\\/\",\"url\":\"https:\\\/\\\/www.alpha-b.fr\\\/en\\\/correction-braquage\\\/\",\"name\":\"Correction Braquage | Alphab French school in France\",\"isPartOf\":{\"@id\":\"https:\\\/\\\/www.alpha-b.fr\\\/en\\\/#website\"},\"datePublished\":\"2020-09-01T13:33:57+00:00\",\"dateModified\":\"2020-09-01T13:59:08+00:00\",\"breadcrumb\":{\"@id\":\"https:\\\/\\\/www.alpha-b.fr\\\/en\\\/correction-braquage\\\/#breadcrumb\"},\"inLanguage\":\"en-US\",\"potentialAction\":[{\"@type\":\"ReadAction\",\"target\":[\"https:\\\/\\\/www.alpha-b.fr\\\/en\\\/correction-braquage\\\/\"]}]},{\"@type\":\"BreadcrumbList\",\"@id\":\"https:\\\/\\\/www.alpha-b.fr\\\/en\\\/correction-braquage\\\/#breadcrumb\",\"itemListElement\":[{\"@type\":\"ListItem\",\"position\":1,\"name\":\"Accueil\",\"item\":\"https:\\\/\\\/www.alpha-b.fr\\\/en\\\/ecole-de-francais\\\/\"},{\"@type\":\"ListItem\",\"position\":2,\"name\":\"Correction Braquage\"}]},{\"@type\":\"WebSite\",\"@id\":\"https:\\\/\\\/www.alpha-b.fr\\\/en\\\/#website\",\"url\":\"https:\\\/\\\/www.alpha-b.fr\\\/en\\\/\",\"name\":\"Alphab French school in France\",\"description\":\"Le fran\u00e7ais autrement \ud83c\uddeb\ud83c\uddf7\",\"publisher\":{\"@id\":\"https:\\\/\\\/www.alpha-b.fr\\\/en\\\/#organization\"},\"potentialAction\":[{\"@type\":\"SearchAction\",\"target\":{\"@type\":\"EntryPoint\",\"urlTemplate\":\"https:\\\/\\\/www.alpha-b.fr\\\/en\\\/?s={search_term_string}\"},\"query-input\":{\"@type\":\"PropertyValueSpecification\",\"valueRequired\":true,\"valueName\":\"search_term_string\"}}],\"inLanguage\":\"en-US\"},{\"@type\":\"Organization\",\"@id\":\"https:\\\/\\\/www.alpha-b.fr\\\/en\\\/#organization\",\"name\":\"Institut linguistique alpha-b\",\"url\":\"https:\\\/\\\/www.alpha-b.fr\\\/en\\\/\",\"logo\":{\"@type\":\"ImageObject\",\"inLanguage\":\"en-US\",\"@id\":\"https:\\\/\\\/www.alpha-b.fr\\\/en\\\/#\\\/schema\\\/logo\\\/image\\\/\",\"url\":\"https:\\\/\\\/www.alpha-b.fr\\\/wp-content\\\/uploads\\\/2017\\\/05\\\/logoalphab.png\",\"contentUrl\":\"https:\\\/\\\/www.alpha-b.fr\\\/wp-content\\\/uploads\\\/2017\\\/05\\\/logoalphab.png\",\"width\":157,\"height\":92,\"caption\":\"Institut linguistique alpha-b\"},\"image\":{\"@id\":\"https:\\\/\\\/www.alpha-b.fr\\\/en\\\/#\\\/schema\\\/logo\\\/image\\\/\"},\"sameAs\":[\"https:\\\/\\\/www.facebook.com\\\/AlphabCoursDeFrancais\\\/\",\"https:\\\/\\\/x.com\\\/alphab_Live\",\"https:\\\/\\\/www.instagram.com\\\/alphabfrenchschool\\\/\",\"https:\\\/\\\/www.tiktok.com\\\/@alphabfrenchschool\"]}]}<\/script>\n<!-- \/ Yoast SEO plugin. -->","yoast_head_json":{"title":"Correction Braquage | Alphab French school in France","robots":{"index":"index","follow":"follow","max-snippet":"max-snippet:-1","max-image-preview":"max-image-preview:large","max-video-preview":"max-video-preview:-1"},"canonical":"https:\/\/www.alpha-b.fr\/en\/correction-braquage\/","og_locale":"en_US","og_type":"article","og_title":"Correction Braquage | Alphab French school in France","og_url":"https:\/\/www.alpha-b.fr\/en\/correction-braquage\/","og_site_name":"Alphab French school in France","article_publisher":"https:\/\/www.facebook.com\/AlphabCoursDeFrancais\/","article_modified_time":"2020-09-01T13:59:08+00:00","twitter_card":"summary_large_image","twitter_site":"@alphab_Live","twitter_misc":{"Est. reading time":"6 minutes"},"schema":{"@context":"https:\/\/schema.org","@graph":[{"@type":"WebPage","@id":"https:\/\/www.alpha-b.fr\/en\/correction-braquage\/","url":"https:\/\/www.alpha-b.fr\/en\/correction-braquage\/","name":"Correction Braquage | Alphab French school in France","isPartOf":{"@id":"https:\/\/www.alpha-b.fr\/en\/#website"},"datePublished":"2020-09-01T13:33:57+00:00","dateModified":"2020-09-01T13:59:08+00:00","breadcrumb":{"@id":"https:\/\/www.alpha-b.fr\/en\/correction-braquage\/#breadcrumb"},"inLanguage":"en-US","potentialAction":[{"@type":"ReadAction","target":["https:\/\/www.alpha-b.fr\/en\/correction-braquage\/"]}]},{"@type":"BreadcrumbList","@id":"https:\/\/www.alpha-b.fr\/en\/correction-braquage\/#breadcrumb","itemListElement":[{"@type":"ListItem","position":1,"name":"Accueil","item":"https:\/\/www.alpha-b.fr\/en\/ecole-de-francais\/"},{"@type":"ListItem","position":2,"name":"Correction Braquage"}]},{"@type":"WebSite","@id":"https:\/\/www.alpha-b.fr\/en\/#website","url":"https:\/\/www.alpha-b.fr\/en\/","name":"Alphab French school in France","description":"Le fran\u00e7ais autrement \ud83c\uddeb\ud83c\uddf7","publisher":{"@id":"https:\/\/www.alpha-b.fr\/en\/#organization"},"potentialAction":[{"@type":"SearchAction","target":{"@type":"EntryPoint","urlTemplate":"https:\/\/www.alpha-b.fr\/en\/?s={search_term_string}"},"query-input":{"@type":"PropertyValueSpecification","valueRequired":true,"valueName":"search_term_string"}}],"inLanguage":"en-US"},{"@type":"Organization","@id":"https:\/\/www.alpha-b.fr\/en\/#organization","name":"Institut linguistique alpha-b","url":"https:\/\/www.alpha-b.fr\/en\/","logo":{"@type":"ImageObject","inLanguage":"en-US","@id":"https:\/\/www.alpha-b.fr\/en\/#\/schema\/logo\/image\/","url":"https:\/\/www.alpha-b.fr\/wp-content\/uploads\/2017\/05\/logoalphab.png","contentUrl":"https:\/\/www.alpha-b.fr\/wp-content\/uploads\/2017\/05\/logoalphab.png","width":157,"height":92,"caption":"Institut linguistique alpha-b"},"image":{"@id":"https:\/\/www.alpha-b.fr\/en\/#\/schema\/logo\/image\/"},"sameAs":["https:\/\/www.facebook.com\/AlphabCoursDeFrancais\/","https:\/\/x.com\/alphab_Live","https:\/\/www.instagram.com\/alphabfrenchschool\/","https:\/\/www.tiktok.com\/@alphabfrenchschool"]}]}},"_links":{"self":[{"href":"https:\/\/www.alpha-b.fr\/en\/wp-json\/wp\/v2\/pages\/23865","targetHints":{"allow":["GET"]}}],"collection":[{"href":"https:\/\/www.alpha-b.fr\/en\/wp-json\/wp\/v2\/pages"}],"about":[{"href":"https:\/\/www.alpha-b.fr\/en\/wp-json\/wp\/v2\/types\/page"}],"author":[{"embeddable":true,"href":"https:\/\/www.alpha-b.fr\/en\/wp-json\/wp\/v2\/users\/2"}],"replies":[{"embeddable":true,"href":"https:\/\/www.alpha-b.fr\/en\/wp-json\/wp\/v2\/comments?post=23865"}],"version-history":[{"count":0,"href":"https:\/\/www.alpha-b.fr\/en\/wp-json\/wp\/v2\/pages\/23865\/revisions"}],"wp:attachment":[{"href":"https:\/\/www.alpha-b.fr\/en\/wp-json\/wp\/v2\/media?parent=23865"}],"curies":[{"name":"wp","href":"https:\/\/api.w.org\/{rel}","templated":true}]}}