{"id":25598,"date":"2021-08-26T12:29:46","date_gmt":"2021-08-26T10:29:46","guid":{"rendered":"https:\/\/www.alpha-b.fr\/produit\/25598\/"},"modified":"2026-03-06T08:42:53","modified_gmt":"2026-03-06T07:42:53","slug":"buchungsformular-fur-den-franzosischkurs","status":"publish","type":"product","link":"https:\/\/www.alpha-b.fr\/de\/produkt\/buchungsformular-fur-den-franzosischkurs\/","title":{"rendered":"Buchungsformular f\u00fcr den Franz\u00f6sischkurs"},"content":{"rendered":"","protected":false},"excerpt":{"rendered":"<p>Buchen Sie hier Ihren Sprachkurs bei unserem Sprachinstitut alpha.b<\/p>\n<p>W\u00e4hlen Sie die Art des Kurses, das Datum, Ihr Niveau und die Dauer Ihres Aufenthalts.<\/p>\n<p>Wenn Sie eine Unterkunft hinzuf\u00fcgen m\u00f6chten, <a href=\"https:\/\/www.alpha-b.fr\/de\/produkt\/unterkunft-in-nizza\/\">klicken Sie hier.<\/a><\/p>\n<p>Wenn Sie das Formular in Papierform ausf\u00fcllen m\u00f6chten, <a href=\"https:\/\/www.alpha-b.fr\/wp-content\/uploads\/2025\/11\/Anmeldung-alpha.b-2026.pdf\">klicken Sie hier<\/a>.<\/p>\n<p>&nbsp;<\/p>\n","protected":false},"featured_media":25588,"template":"","meta":{"_exactmetrics_skip_tracking":false,"_exactmetrics_sitenote_active":false,"_exactmetrics_sitenote_note":"","_exactmetrics_sitenote_category":0},"product_brand":[],"product_cat":[9800],"product_tag":[],"class_list":{"0":"post-25598","1":"product","2":"type-product","3":"status-publish","4":"has-post-thumbnail","6":"product_cat-non-classifiee-de","8":"first","9":"instock","10":"shipping-taxable","11":"purchasable","12":"product-type-variable"},"yoast_head":"<!-- This site is optimized with the Yoast SEO plugin v27.3 - https:\/\/yoast.com\/product\/yoast-seo-wordpress\/ -->\n<title>Buchungsformular f\u00fcr den Franz\u00f6sischkurs | Alpha.b<\/title>\n<meta name=\"description\" content=\"Auf der Suche nach einem Franz\u00f6sischkurs in Nizza? W\u00e4hlen Sie den Kurstyp, die Dauer und Ihr Franz\u00f6sischlevel, um Ihren Sprachkurs zu buchen.\" \/>\n<meta name=\"robots\" content=\"index, follow, max-snippet:-1, max-image-preview:large, max-video-preview:-1\" \/>\n<link rel=\"canonical\" href=\"https:\/\/www.alpha-b.fr\/de\/produkt\/buchungsformular-fur-den-franzosischkurs\/\" \/>\n<meta property=\"og:locale\" content=\"de_DE\" \/>\n<meta property=\"og:type\" content=\"article\" \/>\n<meta property=\"og:title\" content=\"Buchungsformular f\u00fcr den Franz\u00f6sischkurs | Alpha.b\" \/>\n<meta property=\"og:description\" content=\"Auf der Suche nach einem Franz\u00f6sischkurs in Nizza? W\u00e4hlen Sie den Kurstyp, die Dauer und Ihr Franz\u00f6sischlevel, um Ihren Sprachkurs zu buchen.\" \/>\n<meta property=\"og:url\" content=\"https:\/\/www.alpha-b.fr\/de\/produkt\/buchungsformular-fur-den-franzosischkurs\/\" \/>\n<meta property=\"og:site_name\" content=\"Alphab French school in France\" \/>\n<meta property=\"article:publisher\" content=\"https:\/\/www.facebook.com\/AlphabCoursDeFrancais\/\" \/>\n<meta property=\"article:modified_time\" content=\"2026-03-06T07:42:53+00:00\" \/>\n<meta property=\"og:image\" content=\"https:\/\/www.alpha-b.fr\/wp-content\/uploads\/2021\/08\/Expression-franc\u0327aise1.jpg\" \/>\n\t<meta property=\"og:image:width\" content=\"1080\" \/>\n\t<meta property=\"og:image:height\" content=\"1080\" \/>\n\t<meta property=\"og:image:type\" content=\"image\/jpeg\" \/>\n<meta name=\"twitter:card\" content=\"summary_large_image\" \/>\n<meta name=\"twitter:site\" content=\"@alphab_Live\" \/>\n<script type=\"application\/ld+json\" class=\"yoast-schema-graph\">{\"@context\":\"https:\\\/\\\/schema.org\",\"@graph\":[{\"@type\":\"WebPage\",\"@id\":\"https:\\\/\\\/www.alpha-b.fr\\\/de\\\/produkt\\\/buchungsformular-fur-den-franzosischkurs\\\/\",\"url\":\"https:\\\/\\\/www.alpha-b.fr\\\/de\\\/produkt\\\/buchungsformular-fur-den-franzosischkurs\\\/\",\"name\":\"Buchungsformular f\u00fcr den Franz\u00f6sischkurs | Alpha.b\",\"isPartOf\":{\"@id\":\"https:\\\/\\\/www.alpha-b.fr\\\/de\\\/#website\"},\"primaryImageOfPage\":{\"@id\":\"https:\\\/\\\/www.alpha-b.fr\\\/de\\\/produkt\\\/buchungsformular-fur-den-franzosischkurs\\\/#primaryimage\"},\"image\":{\"@id\":\"https:\\\/\\\/www.alpha-b.fr\\\/de\\\/produkt\\\/buchungsformular-fur-den-franzosischkurs\\\/#primaryimage\"},\"thumbnailUrl\":\"https:\\\/\\\/www.alpha-b.fr\\\/wp-content\\\/uploads\\\/2021\\\/08\\\/Expression-franc\u0327aise1.jpg\",\"datePublished\":\"2021-08-26T10:29:46+00:00\",\"dateModified\":\"2026-03-06T07:42:53+00:00\",\"description\":\"Auf der Suche nach einem Franz\u00f6sischkurs in Nizza? W\u00e4hlen Sie den Kurstyp, die Dauer und Ihr Franz\u00f6sischlevel, um Ihren Sprachkurs zu buchen.\",\"breadcrumb\":{\"@id\":\"https:\\\/\\\/www.alpha-b.fr\\\/de\\\/produkt\\\/buchungsformular-fur-den-franzosischkurs\\\/#breadcrumb\"},\"inLanguage\":\"de-DE\",\"potentialAction\":[{\"@type\":\"ReadAction\",\"target\":[\"https:\\\/\\\/www.alpha-b.fr\\\/de\\\/produkt\\\/buchungsformular-fur-den-franzosischkurs\\\/\"]}]},{\"@type\":\"ImageObject\",\"inLanguage\":\"de-DE\",\"@id\":\"https:\\\/\\\/www.alpha-b.fr\\\/de\\\/produkt\\\/buchungsformular-fur-den-franzosischkurs\\\/#primaryimage\",\"url\":\"https:\\\/\\\/www.alpha-b.fr\\\/wp-content\\\/uploads\\\/2021\\\/08\\\/Expression-franc\u0327aise1.jpg\",\"contentUrl\":\"https:\\\/\\\/www.alpha-b.fr\\\/wp-content\\\/uploads\\\/2021\\\/08\\\/Expression-franc\u0327aise1.jpg\",\"width\":1080,\"height\":1080,\"caption\":\"book your course\"},{\"@type\":\"BreadcrumbList\",\"@id\":\"https:\\\/\\\/www.alpha-b.fr\\\/de\\\/produkt\\\/buchungsformular-fur-den-franzosischkurs\\\/#breadcrumb\",\"itemListElement\":[{\"@type\":\"ListItem\",\"position\":1,\"name\":\"Accueil\",\"item\":\"https:\\\/\\\/www.alpha-b.fr\\\/de\\\/ecole-de-francais\\\/\"},{\"@type\":\"ListItem\",\"position\":2,\"name\":\"Boutique\",\"item\":\"https:\\\/\\\/www.alpha-b.fr\\\/boutique\\\/\"},{\"@type\":\"ListItem\",\"position\":3,\"name\":\"Buchungsformular f\u00fcr den Franz\u00f6sischkurs\"}]},{\"@type\":\"WebSite\",\"@id\":\"https:\\\/\\\/www.alpha-b.fr\\\/de\\\/#website\",\"url\":\"https:\\\/\\\/www.alpha-b.fr\\\/de\\\/\",\"name\":\"Alphab French school in France\",\"description\":\"Le fran\u00e7ais autrement \ud83c\uddeb\ud83c\uddf7\",\"publisher\":{\"@id\":\"https:\\\/\\\/www.alpha-b.fr\\\/de\\\/#organization\"},\"potentialAction\":[{\"@type\":\"SearchAction\",\"target\":{\"@type\":\"EntryPoint\",\"urlTemplate\":\"https:\\\/\\\/www.alpha-b.fr\\\/de\\\/?s={search_term_string}\"},\"query-input\":{\"@type\":\"PropertyValueSpecification\",\"valueRequired\":true,\"valueName\":\"search_term_string\"}}],\"inLanguage\":\"de-DE\"},{\"@type\":\"Organization\",\"@id\":\"https:\\\/\\\/www.alpha-b.fr\\\/de\\\/#organization\",\"name\":\"Institut linguistique alpha-b\",\"url\":\"https:\\\/\\\/www.alpha-b.fr\\\/de\\\/\",\"logo\":{\"@type\":\"ImageObject\",\"inLanguage\":\"de-DE\",\"@id\":\"https:\\\/\\\/www.alpha-b.fr\\\/de\\\/#\\\/schema\\\/logo\\\/image\\\/\",\"url\":\"https:\\\/\\\/www.alpha-b.fr\\\/wp-content\\\/uploads\\\/2017\\\/05\\\/logoalphab.png\",\"contentUrl\":\"https:\\\/\\\/www.alpha-b.fr\\\/wp-content\\\/uploads\\\/2017\\\/05\\\/logoalphab.png\",\"width\":157,\"height\":92,\"caption\":\"Institut linguistique alpha-b\"},\"image\":{\"@id\":\"https:\\\/\\\/www.alpha-b.fr\\\/de\\\/#\\\/schema\\\/logo\\\/image\\\/\"},\"sameAs\":[\"https:\\\/\\\/www.facebook.com\\\/AlphabCoursDeFrancais\\\/\",\"https:\\\/\\\/x.com\\\/alphab_Live\",\"https:\\\/\\\/www.instagram.com\\\/alphabfrenchschool\\\/\",\"https:\\\/\\\/www.tiktok.com\\\/@alphabfrenchschool\"]}]}<\/script>\n<!-- \/ Yoast SEO plugin. -->","yoast_head_json":{"title":"Buchungsformular f\u00fcr den Franz\u00f6sischkurs | Alpha.b","description":"Auf der Suche nach einem Franz\u00f6sischkurs in Nizza? W\u00e4hlen Sie den Kurstyp, die Dauer und Ihr Franz\u00f6sischlevel, um Ihren Sprachkurs zu buchen.","robots":{"index":"index","follow":"follow","max-snippet":"max-snippet:-1","max-image-preview":"max-image-preview:large","max-video-preview":"max-video-preview:-1"},"canonical":"https:\/\/www.alpha-b.fr\/de\/produkt\/buchungsformular-fur-den-franzosischkurs\/","og_locale":"de_DE","og_type":"article","og_title":"Buchungsformular f\u00fcr den Franz\u00f6sischkurs | Alpha.b","og_description":"Auf der Suche nach einem Franz\u00f6sischkurs in Nizza? W\u00e4hlen Sie den Kurstyp, die Dauer und Ihr Franz\u00f6sischlevel, um Ihren Sprachkurs zu buchen.","og_url":"https:\/\/www.alpha-b.fr\/de\/produkt\/buchungsformular-fur-den-franzosischkurs\/","og_site_name":"Alphab French school in France","article_publisher":"https:\/\/www.facebook.com\/AlphabCoursDeFrancais\/","article_modified_time":"2026-03-06T07:42:53+00:00","og_image":[{"width":1080,"height":1080,"url":"https:\/\/www.alpha-b.fr\/wp-content\/uploads\/2021\/08\/Expression-franc\u0327aise1.jpg","type":"image\/jpeg"}],"twitter_card":"summary_large_image","twitter_site":"@alphab_Live","schema":{"@context":"https:\/\/schema.org","@graph":[{"@type":"WebPage","@id":"https:\/\/www.alpha-b.fr\/de\/produkt\/buchungsformular-fur-den-franzosischkurs\/","url":"https:\/\/www.alpha-b.fr\/de\/produkt\/buchungsformular-fur-den-franzosischkurs\/","name":"Buchungsformular f\u00fcr den Franz\u00f6sischkurs | Alpha.b","isPartOf":{"@id":"https:\/\/www.alpha-b.fr\/de\/#website"},"primaryImageOfPage":{"@id":"https:\/\/www.alpha-b.fr\/de\/produkt\/buchungsformular-fur-den-franzosischkurs\/#primaryimage"},"image":{"@id":"https:\/\/www.alpha-b.fr\/de\/produkt\/buchungsformular-fur-den-franzosischkurs\/#primaryimage"},"thumbnailUrl":"https:\/\/www.alpha-b.fr\/wp-content\/uploads\/2021\/08\/Expression-franc\u0327aise1.jpg","datePublished":"2021-08-26T10:29:46+00:00","dateModified":"2026-03-06T07:42:53+00:00","description":"Auf der Suche nach einem Franz\u00f6sischkurs in Nizza? W\u00e4hlen Sie den Kurstyp, die Dauer und Ihr Franz\u00f6sischlevel, um Ihren Sprachkurs zu buchen.","breadcrumb":{"@id":"https:\/\/www.alpha-b.fr\/de\/produkt\/buchungsformular-fur-den-franzosischkurs\/#breadcrumb"},"inLanguage":"de-DE","potentialAction":[{"@type":"ReadAction","target":["https:\/\/www.alpha-b.fr\/de\/produkt\/buchungsformular-fur-den-franzosischkurs\/"]}]},{"@type":"ImageObject","inLanguage":"de-DE","@id":"https:\/\/www.alpha-b.fr\/de\/produkt\/buchungsformular-fur-den-franzosischkurs\/#primaryimage","url":"https:\/\/www.alpha-b.fr\/wp-content\/uploads\/2021\/08\/Expression-franc\u0327aise1.jpg","contentUrl":"https:\/\/www.alpha-b.fr\/wp-content\/uploads\/2021\/08\/Expression-franc\u0327aise1.jpg","width":1080,"height":1080,"caption":"book your course"},{"@type":"BreadcrumbList","@id":"https:\/\/www.alpha-b.fr\/de\/produkt\/buchungsformular-fur-den-franzosischkurs\/#breadcrumb","itemListElement":[{"@type":"ListItem","position":1,"name":"Accueil","item":"https:\/\/www.alpha-b.fr\/de\/ecole-de-francais\/"},{"@type":"ListItem","position":2,"name":"Boutique","item":"https:\/\/www.alpha-b.fr\/boutique\/"},{"@type":"ListItem","position":3,"name":"Buchungsformular f\u00fcr den Franz\u00f6sischkurs"}]},{"@type":"WebSite","@id":"https:\/\/www.alpha-b.fr\/de\/#website","url":"https:\/\/www.alpha-b.fr\/de\/","name":"Alphab French school in France","description":"Le fran\u00e7ais autrement \ud83c\uddeb\ud83c\uddf7","publisher":{"@id":"https:\/\/www.alpha-b.fr\/de\/#organization"},"potentialAction":[{"@type":"SearchAction","target":{"@type":"EntryPoint","urlTemplate":"https:\/\/www.alpha-b.fr\/de\/?s={search_term_string}"},"query-input":{"@type":"PropertyValueSpecification","valueRequired":true,"valueName":"search_term_string"}}],"inLanguage":"de-DE"},{"@type":"Organization","@id":"https:\/\/www.alpha-b.fr\/de\/#organization","name":"Institut linguistique alpha-b","url":"https:\/\/www.alpha-b.fr\/de\/","logo":{"@type":"ImageObject","inLanguage":"de-DE","@id":"https:\/\/www.alpha-b.fr\/de\/#\/schema\/logo\/image\/","url":"https:\/\/www.alpha-b.fr\/wp-content\/uploads\/2017\/05\/logoalphab.png","contentUrl":"https:\/\/www.alpha-b.fr\/wp-content\/uploads\/2017\/05\/logoalphab.png","width":157,"height":92,"caption":"Institut linguistique alpha-b"},"image":{"@id":"https:\/\/www.alpha-b.fr\/de\/#\/schema\/logo\/image\/"},"sameAs":["https:\/\/www.facebook.com\/AlphabCoursDeFrancais\/","https:\/\/x.com\/alphab_Live","https:\/\/www.instagram.com\/alphabfrenchschool\/","https:\/\/www.tiktok.com\/@alphabfrenchschool"]}]}},"_links":{"self":[{"href":"https:\/\/www.alpha-b.fr\/de\/wp-json\/wp\/v2\/product\/25598","targetHints":{"allow":["GET"]}}],"collection":[{"href":"https:\/\/www.alpha-b.fr\/de\/wp-json\/wp\/v2\/product"}],"about":[{"href":"https:\/\/www.alpha-b.fr\/de\/wp-json\/wp\/v2\/types\/product"}],"wp:featuredmedia":[{"embeddable":true,"href":"https:\/\/www.alpha-b.fr\/de\/wp-json\/wp\/v2\/media\/25588"}],"wp:attachment":[{"href":"https:\/\/www.alpha-b.fr\/de\/wp-json\/wp\/v2\/media?parent=25598"}],"wp:term":[{"taxonomy":"product_brand","embeddable":true,"href":"https:\/\/www.alpha-b.fr\/de\/wp-json\/wp\/v2\/product_brand?post=25598"},{"taxonomy":"product_cat","embeddable":true,"href":"https:\/\/www.alpha-b.fr\/de\/wp-json\/wp\/v2\/product_cat?post=25598"},{"taxonomy":"product_tag","embeddable":true,"href":"https:\/\/www.alpha-b.fr\/de\/wp-json\/wp\/v2\/product_tag?post=25598"}],"curies":[{"name":"wp","href":"https:\/\/api.w.org\/{rel}","templated":true}]}}