{"id":7052,"date":"2017-09-21T16:17:33","date_gmt":"2017-09-21T14:17:33","guid":{"rendered":"https:\/\/www.alpha-b.fr\/preise\/"},"modified":"2026-01-20T14:36:37","modified_gmt":"2026-01-20T13:36:37","slug":"preise","status":"publish","type":"page","link":"https:\/\/www.alpha-b.fr\/de\/preise\/","title":{"rendered":"Franz\u00f6sischkurs Preise \u2013 Franz\u00f6sisch Sprachschule alpha.b in Nizza"},"content":{"rendered":"<div id='full_slider_1'  class='avia-fullwidth-slider main_color avia-shadow   avia-builder-el-0  el_before_av_layout_row  avia-builder-el-first   container_wrap fullsize'  >\n<style type=\"text\/css\" data-created_by=\"avia_inline_auto\" id=\"style-css-av-1s8f1fv-a21a7c6550e2ea240ce8ec20b3f2bb78\">\n#top #wrap_all .avia-slideshow .av-slideshow-caption.av-1s8f1fv-a21a7c6550e2ea240ce8ec20b3f2bb78__0 .avia-caption-title{\nfont-size:40px;\n}\n\n@media only screen and (max-width: 479px){ \n#top #wrap_all .avia-slideshow .av-slideshow-caption.av-1s8f1fv-a21a7c6550e2ea240ce8ec20b3f2bb78__0 .avia-caption-title{\nfont-size:20px;\n}\n#top .avia-slideshow .av-slideshow-caption.av-1s8f1fv-a21a7c6550e2ea240ce8ec20b3f2bb78__0 .avia-caption-content{\nfont-size:18px;\n}\n#top .avia-slideshow .av-slideshow-caption.av-1s8f1fv-a21a7c6550e2ea240ce8ec20b3f2bb78__0 .avia-caption-content p{\nfont-size:18px;\n}\n}\n<\/style>\n<div  class='avia-slideshow av-1s8f1fv-a21a7c6550e2ea240ce8ec20b3f2bb78 avia-slideshow-featured_large av_slideshow_full avia-slide-slider av-slideshow-ui av-control-default av-slideshow-manual av-loop-once av-loop-manual-endless av-default-height-applied   avia-slideshow-1' data-slideshow-options=\"{&quot;animation&quot;:&quot;slide&quot;,&quot;autoplay&quot;:false,&quot;loop_autoplay&quot;:&quot;once&quot;,&quot;interval&quot;:5,&quot;loop_manual&quot;:&quot;manual-endless&quot;,&quot;autoplay_stopper&quot;:false,&quot;noNavigation&quot;:false,&quot;bg_slider&quot;:false,&quot;keep_padding&quot;:false,&quot;hoverpause&quot;:false,&quot;show_slide_delay&quot;:0}\"  itemprop=\"image\" itemscope=\"itemscope\" itemtype=\"https:\/\/schema.org\/ImageObject\" ><ul class='avia-slideshow-inner ' style='padding-bottom: 42%;'><li  class='avia-slideshow-slide av-1s8f1fv-a21a7c6550e2ea240ce8ec20b3f2bb78__0  av-single-slide slide-1 slide-odd'><div data-rel='slideshow-1' class='avia-slide-wrap '   ><div class='av-slideshow-caption av-1s8f1fv-a21a7c6550e2ea240ce8ec20b3f2bb78__0 caption_fullwidth caption_left caption_left_framed caption_framed'><div class=\"container caption_container\"><div class=\"slideshow_caption\"><div class=\"slideshow_inner_caption\"><div class=\"slideshow_align_caption\"><h2 class='avia-caption-title '  itemprop=\"name\" >Unsere Preise<\/h2><\/div><\/div><\/div><\/div><\/div><img decoding=\"async\" fetchpriority=\"high\" class=\"wp-image-31283 avia-img-lazy-loading-not-31283\"  src=\"https:\/\/www.alpha-b.fr\/wp-content\/uploads\/2024\/11\/best-french-language-school-1500x630.webp\" width=\"1500\" height=\"630\" title='best-french-language-school' alt='Best French language school in Nice '  itemprop=\"thumbnailUrl\"   \/><\/div><\/li><\/ul><\/div><\/div>\n<div id='dates'  class='av-layout-grid-container av-1o7bpbf-44aff7da3a42b14ffaa25498b6142101 entry-content-wrapper main_color av-flex-cells  avia-builder-el-1  el_after_av_slideshow_full  el_before_av_section  grid-row-not-first  container_wrap fullsize'  >\n\n<style type=\"text\/css\" data-created_by=\"avia_inline_auto\" id=\"style-css-av-1nc337f-c7894ac251d32478dbf8437c00025d57\">\n.flex_cell.av-1nc337f-c7894ac251d32478dbf8437c00025d57{\nvertical-align:top;\n}\n.responsive #top #wrap_all .flex_cell.av-1nc337f-c7894ac251d32478dbf8437c00025d57{\npadding:30px 50px 30px 50px !important;\n}\n<\/style>\n<div class='flex_cell av-1nc337f-c7894ac251d32478dbf8437c00025d57 av-gridrow-cell av_one_full no_margin  avia-builder-el-2  avia-builder-el-no-sibling  content-align-top'  ><div class='flex_cell_inner'><p>\n<style type=\"text\/css\" data-created_by=\"avia_inline_auto\" id=\"style-css-av-1jd374r-0b891b55755bd4a0395dd7498894fb60\">\n.flex_column.av-1jd374r-0b891b55755bd4a0395dd7498894fb60{\nborder-radius:0px 0px 0px 0px;\npadding:30px 30px 30px 30px;\n}\n<\/style>\n<div  class='flex_column av-1jd374r-0b891b55755bd4a0395dd7498894fb60 av_one_full  avia-builder-el-3  el_before_av_one_full  avia-builder-el-first  first flex_column_div  '     ><style type=\"text\/css\" data-created_by=\"avia_inline_auto\" id=\"style-css-av-2d7fe3-6d0949e1f04d54d66dcac5298439a810\">\n#top .av-special-heading.av-2d7fe3-6d0949e1f04d54d66dcac5298439a810{\npadding-bottom:25px;\ncolor:#f16a30;\n}\nbody .av-special-heading.av-2d7fe3-6d0949e1f04d54d66dcac5298439a810 .av-special-heading-tag .heading-char{\nfont-size:25px;\n}\n.av-special-heading.av-2d7fe3-6d0949e1f04d54d66dcac5298439a810 .special-heading-inner-border{\nborder-color:#f16a30;\n}\n.av-special-heading.av-2d7fe3-6d0949e1f04d54d66dcac5298439a810 .av-subheading{\nfont-size:15px;\n}\n<\/style>\n<div  class='av-special-heading av-2d7fe3-6d0949e1f04d54d66dcac5298439a810 av-special-heading-h1 custom-color-heading blockquote modern-quote modern-centered  avia-builder-el-4  avia-builder-el-no-sibling '><h1 class='av-special-heading-tag '  itemprop=\"headline\"  >DATEN UND PREISE F\u00dcR UNSERE FRANZ\u00d6SISCHKURSE IN NIZZA<\/h1><div class=\"special-heading-border\"><div class=\"special-heading-inner-border\"><\/div><\/div><\/div><\/div>\n<style type=\"text\/css\" data-created_by=\"avia_inline_auto\" id=\"style-css-av-29z1kr-fc4fc095ea12749361dae11ee5ea33a7\">\n.flex_column.av-29z1kr-fc4fc095ea12749361dae11ee5ea33a7{\nborder-radius:0px 0px 0px 0px;\npadding:30px 30px 30px 30px;\n}\n<\/style>\n<div  class='flex_column av-29z1kr-fc4fc095ea12749361dae11ee5ea33a7 av_one_full  avia-builder-el-5  el_after_av_one_full  avia-builder-el-last  first flex_column_div  column-top-margin'     ><section  class='av_textblock_section av-m1tbfbt7-5c2adb9692654dd1afe06fd6b65df337 '   itemscope=\"itemscope\" itemtype=\"https:\/\/schema.org\/CreativeWork\" ><div class='avia_textblock'  itemprop=\"text\" ><h4 style=\"text-align: center;\"><strong>Termine f\u00fcr 2026<br \/>\n<\/strong><\/h4>\n<p style=\"text-align: center;\"><strong>F\u00fcr alle Niveaus (<b class=\"b5\">auber<\/b> A0):<br \/>\n<\/strong><\/p>\n<p style=\"text-align: center;\">Ab dem 05\/01\/2026 jeden Montag<\/p>\n<p style=\"text-align: center;\"><strong>F\u00fcr anf\u00e4nger (A0)<\/strong><strong>:<\/strong><\/p>\n<p style=\"text-align: center;\">\u00a009\/03- 04\/05- 06\/07- 03\/08- 31\/08 &#8211; 26\/10\/2026<\/p>\n<p style=\"text-align: center;\"><strong>30+ Kurs:<\/strong><\/p>\n<p style=\"text-align: center;\">Zwischen 06\/07 und 21\/08\/2026<\/p>\n<p style=\"text-align: center;\"><strong>50+ Kurs:<\/strong><\/p>\n<p style=\"text-align: center;\">4 Sitszungen pro Jahr: 04\/05 &#8211; 24\/08 &#8211; 26\/10 &#8211; 07\/12\/2026<\/p>\n<p style=\"text-align: center;\"><strong>Familien und Kids Kurs:<\/strong><\/p>\n<p style=\"text-align: center;\">Zwischen 29\/06 und 21\/08\/2026<\/p>\n<p style=\"text-align: center;\"><strong>BAC-Kurs :<\/strong><\/p>\n<p style=\"text-align: center;\">Fr\u00fchjahr : 30\/03\/2026<br \/>\nSommer : Zwischen 06\/07 und 21\/08\/2026<\/p>\n<p style=\"text-align: center;\"><strong>Leaving Certificate Kurs :<\/strong><\/p>\n<p style=\"text-align: center;\">Zwischen 01\/06 und 21\/08\/2026<\/p>\n<p style=\"text-align: center;\"><strong>Lehrerweiterbildungskurs:<\/strong><\/p>\n<p style=\"text-align: center;\">1 Sitszung : 20\/07\/2026<\/p>\n<p style=\"text-align: center;\"><b>Feiertage (keine Kurse)<\/b>:<\/p>\n<p style=\"text-align: center;\">06\/04 &#8211; 01\/05 &#8211; 14\/05 &#8211; 25\/05 &#8211; 14\/07 &#8211; 15\/08 &#8211; 11\/11\/2026<\/p>\n<p style=\"text-align: center;\"><strong>Schlie\u00dfung zu Weihnachten:<\/strong><\/p>\n<p style=\"text-align: center;\">21\/12\/2026 bis 03\/01\/2027<\/p>\n<\/div><\/section><\/div><\/p>\n<\/div><\/div><\/div><div id='tarif'  class='avia-section av-jn63inqr-0be1225c0837f34a850db54c3d6a1b44 main_color avia-section-default avia-no-border-styling  avia-builder-el-7  el_after_av_layout_row  el_before_av_section  avia-bg-style-scroll container_wrap fullsize'  ><div class='container av-section-cont-open' ><div class='template-page content  av-content-full alpha units'><div class='post-entry post-entry-type-page post-entry-7052'><div class='entry-content-wrapper clearfix'>\n\n<style type=\"text\/css\" data-created_by=\"avia_inline_auto\" id=\"style-css-av-2mekor-b3b4bdf160c2407e4e40e3ca548025c4\">\n#top .av-special-heading.av-2mekor-b3b4bdf160c2407e4e40e3ca548025c4{\npadding-bottom:20px;\n}\nbody .av-special-heading.av-2mekor-b3b4bdf160c2407e4e40e3ca548025c4 .av-special-heading-tag .heading-char{\nfont-size:25px;\n}\n.av-special-heading.av-2mekor-b3b4bdf160c2407e4e40e3ca548025c4 .av-subheading{\nfont-size:15px;\n}\n<\/style>\n<div  class='av-special-heading av-2mekor-b3b4bdf160c2407e4e40e3ca548025c4 av-special-heading-h1 blockquote modern-quote modern-centered  avia-builder-el-8  el_before_av_button  avia-builder-el-first '><h1 class='av-special-heading-tag '  itemprop=\"headline\"  >PREISE<\/h1><div class=\"special-heading-border\"><div class=\"special-heading-inner-border\"><\/div><\/div><\/div>\n<div  class='avia-button-wrap av-m3ms8pq4-10da80c55efb3814d133c5f9d34806e9-wrap avia-button-center  avia-builder-el-9  el_after_av_heading  avia-builder-el-last '><a href='https:\/\/www.alpha-b.fr\/wp-content\/uploads\/2025\/11\/alpha.b-Prix-2026.pdf'  class='avia-button av-m3ms8pq4-10da80c55efb3814d133c5f9d34806e9 av-link-btn avia-icon_select-no avia-size-x-large avia-position-center avia-color-theme-color'   aria-label=\"Herunterladen Tarif 2026\"><span class='avia_iconbox_title' >Herunterladen Tarif 2026<\/span><\/a><\/div>\n<\/p>\n<\/div><\/div><\/div><!-- close content main div --><\/div><\/div>\n<style type=\"text\/css\" data-created_by=\"avia_inline_auto\" id=\"style-css-av-a8h9az-2ee94382735c09f7a83c880a04209579\">\n.avia-section.av-a8h9az-2ee94382735c09f7a83c880a04209579{\nbackground-color:#ff7337;\nbackground-image:unset;\n}\n.avia-section.av-a8h9az-2ee94382735c09f7a83c880a04209579 .av-section-color-overlay{\nopacity:0.1;\n}\n<\/style>\n<div id='sign-up'  class='avia-section av-a8h9az-2ee94382735c09f7a83c880a04209579 main_color avia-section-default avia-no-shadow  avia-builder-el-10  el_after_av_section  avia-builder-el-last  avia-bg-style-parallax av-section-color-overlay-active container_wrap fullsize'  ><div class=\"av-section-color-overlay-wrap\"><div class=\"av-section-color-overlay\"><\/div><div class='container av-section-cont-open' ><div class='template-page content  av-content-full alpha units'><div class='post-entry post-entry-type-page post-entry-7052'><div class='entry-content-wrapper clearfix'>\n\n<style type=\"text\/css\" data-created_by=\"avia_inline_auto\" id=\"style-css-av-9fjlaz-45e27330cc4992c0a71f2c04ef96d562\">\n#top .av-special-heading.av-9fjlaz-45e27330cc4992c0a71f2c04ef96d562{\npadding-bottom:10px;\ncolor:#ffffff;\nfont-size:30px;\n}\nbody .av-special-heading.av-9fjlaz-45e27330cc4992c0a71f2c04ef96d562 .av-special-heading-tag .heading-char{\nfont-size:25px;\n}\n#top #wrap_all .av-special-heading.av-9fjlaz-45e27330cc4992c0a71f2c04ef96d562 .av-special-heading-tag{\nfont-size:30px;\n}\n.av-special-heading.av-9fjlaz-45e27330cc4992c0a71f2c04ef96d562 .special-heading-inner-border{\nborder-color:#ffffff;\n}\n.av-special-heading.av-9fjlaz-45e27330cc4992c0a71f2c04ef96d562 .av-subheading{\nfont-size:15px;\n}\n\n@media only screen and (min-width: 480px) and (max-width: 767px){ \n#top #wrap_all .av-special-heading.av-9fjlaz-45e27330cc4992c0a71f2c04ef96d562 .av-special-heading-tag{\nfont-size:0.8em;\n}\n}\n\n@media only screen and (max-width: 479px){ \n#top #wrap_all .av-special-heading.av-9fjlaz-45e27330cc4992c0a71f2c04ef96d562 .av-special-heading-tag{\nfont-size:0.8em;\n}\n}\n<\/style>\n<div  class='av-special-heading av-9fjlaz-45e27330cc4992c0a71f2c04ef96d562 av-special-heading-h3 custom-color-heading blockquote modern-quote modern-centered  avia-builder-el-11  el_before_av_one_fifth  avia-builder-el-first  av-inherit-size'><h3 class='av-special-heading-tag '  itemprop=\"headline\"  >Wollen Sie Ihren Aufenthalt buchen?<\/h3><div class=\"special-heading-border\"><div class=\"special-heading-inner-border\"><\/div><\/div><\/div>\n<div  class='flex_column av-874857-924486c4b60fa323c48b0d3a8ff8872d av_one_fifth  avia-builder-el-12  el_after_av_heading  el_before_av_three_fifth  first flex_column_div  '     ><\/div>\n<style type=\"text\/css\" data-created_by=\"avia_inline_auto\" id=\"style-css-av-6c4qvf-df603f894caaf27cc711517d5f0e82d9\">\n.flex_column.av-6c4qvf-df603f894caaf27cc711517d5f0e82d9{\nborder-radius:0px 0px 0px 0px;\npadding:0px 0px 0px 0px;\n}\n<\/style>\n<div  class='flex_column av-6c4qvf-df603f894caaf27cc711517d5f0e82d9 av_three_fifth  avia-builder-el-13  el_after_av_one_fifth  el_before_av_one_fifth  flex_column_div av-zero-column-padding  '     ><div  class='avia-button-wrap av-4obyvf-36391757c0c265c74c878bdc7609a720-wrap avia-button-center  avia-builder-el-14  avia-builder-el-no-sibling '><a href='https:\/\/www.alpha-b.fr\/de\/einschreibung-fur-den-franzosischkurs\/'  class='avia-button av-4obyvf-36391757c0c265c74c878bdc7609a720 av-link-btn avia-icon_select-no avia-size-x-large avia-position-center avia-color-light'   aria-label=\"Hier klicken\"><span class='avia_iconbox_title' >Hier klicken<\/span><\/a><\/div><\/div>\n<style type=\"text\/css\" data-created_by=\"avia_inline_auto\" id=\"style-css-av-2zw997-c6d9b94680ba784ae043afd8811e1f7f\">\n.flex_column.av-2zw997-c6d9b94680ba784ae043afd8811e1f7f{\nborder-radius:0px 0px 0px 0px;\npadding:0px 0px 0px 0px;\n}\n<\/style>\n<div  class='flex_column av-2zw997-c6d9b94680ba784ae043afd8811e1f7f av_one_fifth  avia-builder-el-15  el_after_av_three_fifth  avia-builder-el-last  flex_column_div av-zero-column-padding  '     ><\/div>\n\n","protected":false},"excerpt":{"rendered":"","protected":false},"author":2,"featured_media":0,"parent":0,"menu_order":0,"comment_status":"closed","ping_status":"closed","template":"","meta":{"_exactmetrics_skip_tracking":false,"_exactmetrics_sitenote_active":false,"_exactmetrics_sitenote_note":"","_exactmetrics_sitenote_category":0,"footnotes":""},"class_list":["post-7052","page","type-page","status-publish","hentry"],"yoast_head":"<!-- This site is optimized with the Yoast SEO plugin v27.6 - https:\/\/yoast.com\/product\/yoast-seo-wordpress\/ -->\n<title>Franz\u00f6sischkurs Preise \u2013 Franz\u00f6sisch Sprachschule alpha.b in Nizza<\/title>\n<meta name=\"description\" content=\"Preise f\u00fcr Franz\u00f6sisch Sprachkurse bei der alpha.b Schule in Nizza \u2013 Downloaden Sie gratis die Preise und Brosch\u00fcren all unserer Franz\u00f6sischkurse.\" \/>\n<meta name=\"robots\" content=\"index, follow, max-snippet:-1, max-image-preview:large, max-video-preview:-1\" \/>\n<link rel=\"canonical\" href=\"https:\/\/www.alpha-b.fr\/de\/preise\/\" \/>\n<meta property=\"og:locale\" content=\"de_DE\" \/>\n<meta property=\"og:type\" content=\"article\" \/>\n<meta property=\"og:title\" content=\"Franz\u00f6sischkurs Preise \u2013 Franz\u00f6sisch Sprachschule alpha.b in Nizza\" \/>\n<meta property=\"og:description\" content=\"Preise f\u00fcr Franz\u00f6sisch Sprachkurse bei der alpha.b Schule in Nizza \u2013 Downloaden Sie gratis die Preise und Brosch\u00fcren all unserer Franz\u00f6sischkurse.\" \/>\n<meta property=\"og:url\" content=\"https:\/\/www.alpha-b.fr\/de\/preise\/\" \/>\n<meta property=\"og:site_name\" content=\"Alphab French school in France\" \/>\n<meta property=\"article:publisher\" content=\"https:\/\/www.facebook.com\/AlphabCoursDeFrancais\/\" \/>\n<meta property=\"article:modified_time\" content=\"2026-01-20T13:36:37+00:00\" \/>\n<meta name=\"twitter:card\" content=\"summary_large_image\" \/>\n<meta name=\"twitter:site\" content=\"@alphab_Live\" \/>\n<meta name=\"twitter:label1\" content=\"Est. reading time\" \/>\n\t<meta name=\"twitter:data1\" content=\"2 minutes\" \/>\n<script type=\"application\/ld+json\" class=\"yoast-schema-graph\">{\"@context\":\"https:\\\/\\\/schema.org\",\"@graph\":[{\"@type\":\"WebPage\",\"@id\":\"https:\\\/\\\/www.alpha-b.fr\\\/de\\\/preise\\\/\",\"url\":\"https:\\\/\\\/www.alpha-b.fr\\\/de\\\/preise\\\/\",\"name\":\"Franz\u00f6sischkurs Preise \u2013 Franz\u00f6sisch Sprachschule alpha.b in Nizza\",\"isPartOf\":{\"@id\":\"https:\\\/\\\/www.alpha-b.fr\\\/de\\\/#website\"},\"datePublished\":\"2017-09-21T14:17:33+00:00\",\"dateModified\":\"2026-01-20T13:36:37+00:00\",\"description\":\"Preise f\u00fcr Franz\u00f6sisch Sprachkurse bei der alpha.b Schule in Nizza \u2013 Downloaden Sie gratis die Preise und Brosch\u00fcren all unserer Franz\u00f6sischkurse.\",\"breadcrumb\":{\"@id\":\"https:\\\/\\\/www.alpha-b.fr\\\/de\\\/preise\\\/#breadcrumb\"},\"inLanguage\":\"de-DE\",\"potentialAction\":[{\"@type\":\"ReadAction\",\"target\":[\"https:\\\/\\\/www.alpha-b.fr\\\/de\\\/preise\\\/\"]}]},{\"@type\":\"BreadcrumbList\",\"@id\":\"https:\\\/\\\/www.alpha-b.fr\\\/de\\\/preise\\\/#breadcrumb\",\"itemListElement\":[{\"@type\":\"ListItem\",\"position\":1,\"name\":\"Accueil\",\"item\":\"https:\\\/\\\/www.alpha-b.fr\\\/de\\\/ecole-de-francais\\\/\"},{\"@type\":\"ListItem\",\"position\":2,\"name\":\"Franz\u00f6sischkurs Preise \u2013 Franz\u00f6sisch Sprachschule alpha.b in Nizza\"}]},{\"@type\":\"WebSite\",\"@id\":\"https:\\\/\\\/www.alpha-b.fr\\\/de\\\/#website\",\"url\":\"https:\\\/\\\/www.alpha-b.fr\\\/de\\\/\",\"name\":\"Alphab French school in France\",\"description\":\"Le fran\u00e7ais autrement \ud83c\uddeb\ud83c\uddf7\",\"publisher\":{\"@id\":\"https:\\\/\\\/www.alpha-b.fr\\\/de\\\/#organization\"},\"potentialAction\":[{\"@type\":\"SearchAction\",\"target\":{\"@type\":\"EntryPoint\",\"urlTemplate\":\"https:\\\/\\\/www.alpha-b.fr\\\/de\\\/?s={search_term_string}\"},\"query-input\":{\"@type\":\"PropertyValueSpecification\",\"valueRequired\":true,\"valueName\":\"search_term_string\"}}],\"inLanguage\":\"de-DE\"},{\"@type\":\"Organization\",\"@id\":\"https:\\\/\\\/www.alpha-b.fr\\\/de\\\/#organization\",\"name\":\"Institut linguistique alpha-b\",\"url\":\"https:\\\/\\\/www.alpha-b.fr\\\/de\\\/\",\"logo\":{\"@type\":\"ImageObject\",\"inLanguage\":\"de-DE\",\"@id\":\"https:\\\/\\\/www.alpha-b.fr\\\/de\\\/#\\\/schema\\\/logo\\\/image\\\/\",\"url\":\"https:\\\/\\\/www.alpha-b.fr\\\/wp-content\\\/uploads\\\/2017\\\/05\\\/logoalphab.png\",\"contentUrl\":\"https:\\\/\\\/www.alpha-b.fr\\\/wp-content\\\/uploads\\\/2017\\\/05\\\/logoalphab.png\",\"width\":157,\"height\":92,\"caption\":\"Institut linguistique alpha-b\"},\"image\":{\"@id\":\"https:\\\/\\\/www.alpha-b.fr\\\/de\\\/#\\\/schema\\\/logo\\\/image\\\/\"},\"sameAs\":[\"https:\\\/\\\/www.facebook.com\\\/AlphabCoursDeFrancais\\\/\",\"https:\\\/\\\/x.com\\\/alphab_Live\",\"https:\\\/\\\/www.instagram.com\\\/alphabfrenchschool\\\/\",\"https:\\\/\\\/www.tiktok.com\\\/@alphabfrenchschool\"]}]}<\/script>\n<!-- \/ Yoast SEO plugin. -->","yoast_head_json":{"title":"Franz\u00f6sischkurs Preise \u2013 Franz\u00f6sisch Sprachschule alpha.b in Nizza","description":"Preise f\u00fcr Franz\u00f6sisch Sprachkurse bei der alpha.b Schule in Nizza \u2013 Downloaden Sie gratis die Preise und Brosch\u00fcren all unserer Franz\u00f6sischkurse.","robots":{"index":"index","follow":"follow","max-snippet":"max-snippet:-1","max-image-preview":"max-image-preview:large","max-video-preview":"max-video-preview:-1"},"canonical":"https:\/\/www.alpha-b.fr\/de\/preise\/","og_locale":"de_DE","og_type":"article","og_title":"Franz\u00f6sischkurs Preise \u2013 Franz\u00f6sisch Sprachschule alpha.b in Nizza","og_description":"Preise f\u00fcr Franz\u00f6sisch Sprachkurse bei der alpha.b Schule in Nizza \u2013 Downloaden Sie gratis die Preise und Brosch\u00fcren all unserer Franz\u00f6sischkurse.","og_url":"https:\/\/www.alpha-b.fr\/de\/preise\/","og_site_name":"Alphab French school in France","article_publisher":"https:\/\/www.facebook.com\/AlphabCoursDeFrancais\/","article_modified_time":"2026-01-20T13:36:37+00:00","twitter_card":"summary_large_image","twitter_site":"@alphab_Live","twitter_misc":{"Est. reading time":"2 minutes"},"schema":{"@context":"https:\/\/schema.org","@graph":[{"@type":"WebPage","@id":"https:\/\/www.alpha-b.fr\/de\/preise\/","url":"https:\/\/www.alpha-b.fr\/de\/preise\/","name":"Franz\u00f6sischkurs Preise \u2013 Franz\u00f6sisch Sprachschule alpha.b in Nizza","isPartOf":{"@id":"https:\/\/www.alpha-b.fr\/de\/#website"},"datePublished":"2017-09-21T14:17:33+00:00","dateModified":"2026-01-20T13:36:37+00:00","description":"Preise f\u00fcr Franz\u00f6sisch Sprachkurse bei der alpha.b Schule in Nizza \u2013 Downloaden Sie gratis die Preise und Brosch\u00fcren all unserer Franz\u00f6sischkurse.","breadcrumb":{"@id":"https:\/\/www.alpha-b.fr\/de\/preise\/#breadcrumb"},"inLanguage":"de-DE","potentialAction":[{"@type":"ReadAction","target":["https:\/\/www.alpha-b.fr\/de\/preise\/"]}]},{"@type":"BreadcrumbList","@id":"https:\/\/www.alpha-b.fr\/de\/preise\/#breadcrumb","itemListElement":[{"@type":"ListItem","position":1,"name":"Accueil","item":"https:\/\/www.alpha-b.fr\/de\/ecole-de-francais\/"},{"@type":"ListItem","position":2,"name":"Franz\u00f6sischkurs Preise \u2013 Franz\u00f6sisch Sprachschule alpha.b in Nizza"}]},{"@type":"WebSite","@id":"https:\/\/www.alpha-b.fr\/de\/#website","url":"https:\/\/www.alpha-b.fr\/de\/","name":"Alphab French school in France","description":"Le fran\u00e7ais autrement \ud83c\uddeb\ud83c\uddf7","publisher":{"@id":"https:\/\/www.alpha-b.fr\/de\/#organization"},"potentialAction":[{"@type":"SearchAction","target":{"@type":"EntryPoint","urlTemplate":"https:\/\/www.alpha-b.fr\/de\/?s={search_term_string}"},"query-input":{"@type":"PropertyValueSpecification","valueRequired":true,"valueName":"search_term_string"}}],"inLanguage":"de-DE"},{"@type":"Organization","@id":"https:\/\/www.alpha-b.fr\/de\/#organization","name":"Institut linguistique alpha-b","url":"https:\/\/www.alpha-b.fr\/de\/","logo":{"@type":"ImageObject","inLanguage":"de-DE","@id":"https:\/\/www.alpha-b.fr\/de\/#\/schema\/logo\/image\/","url":"https:\/\/www.alpha-b.fr\/wp-content\/uploads\/2017\/05\/logoalphab.png","contentUrl":"https:\/\/www.alpha-b.fr\/wp-content\/uploads\/2017\/05\/logoalphab.png","width":157,"height":92,"caption":"Institut linguistique alpha-b"},"image":{"@id":"https:\/\/www.alpha-b.fr\/de\/#\/schema\/logo\/image\/"},"sameAs":["https:\/\/www.facebook.com\/AlphabCoursDeFrancais\/","https:\/\/x.com\/alphab_Live","https:\/\/www.instagram.com\/alphabfrenchschool\/","https:\/\/www.tiktok.com\/@alphabfrenchschool"]}]}},"_links":{"self":[{"href":"https:\/\/www.alpha-b.fr\/de\/wp-json\/wp\/v2\/pages\/7052","targetHints":{"allow":["GET"]}}],"collection":[{"href":"https:\/\/www.alpha-b.fr\/de\/wp-json\/wp\/v2\/pages"}],"about":[{"href":"https:\/\/www.alpha-b.fr\/de\/wp-json\/wp\/v2\/types\/page"}],"author":[{"embeddable":true,"href":"https:\/\/www.alpha-b.fr\/de\/wp-json\/wp\/v2\/users\/2"}],"replies":[{"embeddable":true,"href":"https:\/\/www.alpha-b.fr\/de\/wp-json\/wp\/v2\/comments?post=7052"}],"version-history":[{"count":0,"href":"https:\/\/www.alpha-b.fr\/de\/wp-json\/wp\/v2\/pages\/7052\/revisions"}],"wp:attachment":[{"href":"https:\/\/www.alpha-b.fr\/de\/wp-json\/wp\/v2\/media?parent=7052"}],"curies":[{"name":"wp","href":"https:\/\/api.w.org\/{rel}","templated":true}]}}